{"id":96,"date":"2016-03-18T22:35:27","date_gmt":"2016-03-18T22:35:27","guid":{"rendered":"http:\/\/bebizeit.werbeagentur-webagentur-kreativagentur.de\/?page_id=96"},"modified":"2022-07-05T10:11:41","modified_gmt":"2022-07-05T08:11:41","slug":"downloads","status":"publish","type":"page","link":"https:\/\/staging.bebizeit.de\/?page_id=96","title":{"rendered":"Downloads"},"content":{"rendered":"<p>Hier finden Sie Formulare und Informationen als PDFs zum Download.<\/p>\n<h2>Behandlungsvertrag<\/h2>\n<p>Bitte drucken und f\u00fcllen Sie das Formular aus.<\/p>\n<p><a href=\"https:\/\/staging.bebizeit.de\/wp-content\/uploads\/2022\/05\/Behandlungsvertrag_Elternberatung.docx\">Behandlungsvertrag_Elternberatung<\/a><\/p>\n<h2>Fragen zum Erstkontakt<\/h2>\n<p>Bitte f\u00fcllen Sie den Fragebogen aus und senden ihn mir per Email oder Post zur\u00fcck.<\/p>\n<p><a href=\"https:\/\/staging.bebizeit.de\/wp-content\/uploads\/2018\/09\/Fragen-zum-Erstkontakt.pdf\">Fragen zum Erstkontakt<\/a><\/p>\n<h2>Schlafprotokoll<\/h2>\n<p>Protokollieren Sie tabellarisch das Verhalten Ihres Kindes rund um das Thema &#8222;Schlafen&#8220;.<br \/>\n1 &#8211; Woche- Protokoll<\/p>\n<p><a href=\"https:\/\/staging.bebizeit.de\/wp-content\/uploads\/2016\/03\/Schlafprotokoll.pdf\" rel=\"\">Schlafprotokoll<\/a><\/p>\n<h2>T\u00e4gliches Schrei- Schlaf- F\u00fctterprotokoll<\/h2>\n<p>Das Protokoll zum ausf\u00fchrlichen Notieren der t\u00e4glichen \u00a0Aktivit\u00e4ten rund um schlafen und schreien.<br \/>\n1 &#8211; Tag &#8211; 1 &#8211; Seite &#8211; Protokoll<\/p>\n<p><a href=\"https:\/\/staging.bebizeit.de\/wp-content\/uploads\/2022\/07\/taeglich_Schrei_Schlaf_Fuettertagebuch.pdf\">T\u00e4glich_Schrei_Schlaf_F\u00fcttertagebuch<\/a><\/p>\n<h2>F\u00fctterprotokoll<\/h2>\n<p>Das detaillierte Protokoll wenn das Kind Probleme beim F\u00fcttern und Essen macht.<\/p>\n<p><a href=\"https:\/\/staging.bebizeit.de\/wp-content\/uploads\/2021\/02\/F\u00fctterprotokoll.pdf\">F\u00fctterprotokoll<\/a><\/p>\n","protected":false},"excerpt":{"rendered":"<p>Hier finden Sie Formulare und Informationen als PDFs zum Download. Behandlungsvertrag Bitte drucken und f\u00fcllen Sie das Formular aus. Behandlungsvertrag_Elternberatung Fragen zum Erstkontakt Bitte f\u00fcllen Sie den Fragebogen aus und senden ihn mir per Email oder Post zur\u00fcck. Fragen zum Erstkontakt Schlafprotokoll Protokollieren Sie tabellarisch das Verhalten Ihres Kindes rund um das Thema &#8222;Schlafen&#8220;. 1 &hellip; <a href=\"https:\/\/staging.bebizeit.de\/?page_id=96\" class=\"more-link\"><span class=\"screen-reader-text\">Downloads<\/span> weiterlesen <span class=\"meta-nav\">&rarr;<\/span><\/a><\/p>\n","protected":false},"author":1,"featured_media":0,"parent":0,"menu_order":0,"comment_status":"closed","ping_status":"closed","template":"","meta":{"jetpack_post_was_ever_published":false},"jetpack-related-posts":[{"id":112,"url":"https:\/\/staging.bebizeit.de\/?page_id=112","url_meta":{"origin":96,"position":0},"title":"Hilfsangebot","date":"18. M\u00e4rz 2016","format":false,"excerpt":"Rund um die Bebizeit gibt es unterschiedliche Hilfs- und Beratungsangebote. Sie unterscheiden sich durch den spezifischen Zeitpunkt, die unterschiedliche Zeitdauer und nach den ganz besonderen, pers\u00f6nlichen Themenschwerpunkten, zu denen Hilfe angefragt werden kann. 1. Individuelle psychologische Beratung zur Krisenintervention und oft als Kurzzeitbehandlung f\u00fcr Babys\u00a0, die viel schreien, schlecht schlafen\u2026","rel":"","context":"\u00c4hnlicher Beitrag","img":{"alt_text":"","src":"","width":0,"height":0},"classes":[]},{"id":114,"url":"https:\/\/staging.bebizeit.de\/?page_id=114","url_meta":{"origin":96,"position":1},"title":"Hebammenhilfe","date":"18. M\u00e4rz 2016","format":false,"excerpt":"Information f\u00fcr Schwangere, die eine Wochenbettbetreuung zu Hause nach der Geburt suchen: Ich biete Wochenbettbetreuungen nur in Wiesbaden- Biebrich an!\u00a0Bitte geben Sie bei Anfragen deshalb unbedingt ihre Adresse und den errechneten Entbindungstermin an. Vielen Dank! Was steht Ihnen zu? Die Hebamme ist die Fachfrau rund um die Schwangerschaft, Geburt und\u2026","rel":"","context":"\u00c4hnlicher Beitrag","img":{"alt_text":"storch","src":"https:\/\/i0.wp.com\/staging.bebizeit.de\/wp-content\/uploads\/2016\/03\/storch-290x300.jpg?resize=350%2C200&ssl=1","width":350,"height":200},"classes":[]},{"id":94,"url":"https:\/\/staging.bebizeit.de\/?page_id=94","url_meta":{"origin":96,"position":2},"title":"Kurse","date":"18. M\u00e4rz 2016","format":false,"excerpt":"Einfach Eltern sein und \u00a0Babys verstehen\u00a0 - damit die emotionale Vorbereitung auf das Elternsein gelingt Dieser Kurs bietet die perfekte Erg\u00e4nzung zur allgemeinen Geburtsvorbereitung. Es geht darum, ein feinf\u00fchliges Verst\u00e4ndnis und einen angemessenen Umgang in emotional herausfordernden Momenten beim Start in die Babyzeit zu erlernen. Die Veranstaltungsreihe informiert Schwangere, Paare,\u2026","rel":"","context":"\u00c4hnlicher Beitrag","img":{"alt_text":"","src":"","width":0,"height":0},"classes":[]},{"id":98,"url":"https:\/\/staging.bebizeit.de\/?page_id=98","url_meta":{"origin":96,"position":3},"title":"Wunschkind","date":"18. M\u00e4rz 2016","format":false,"excerpt":"Nicht f\u00fcr alle Paare ist es selbstverst\u00e4ndlich selbstbestimmt in die Familienplanung zu starten und sich dem Lauf der Natur hinzugeben. Ganz im Gegenteil: sie haben gro\u00dfe Anstrengungen auf sich genommen, nach Plan gelebt und geliebt und auch medizinische Hilfe in Anspruch genommen. Doch nun ist es endlich soweit, das Wunschkind\u2026","rel":"","context":"\u00c4hnlicher Beitrag","img":{"alt_text":"schwalben","src":"https:\/\/i0.wp.com\/staging.bebizeit.de\/wp-content\/uploads\/2016\/03\/schwalben-290x300.jpg?resize=350%2C200&ssl=1","width":350,"height":200},"classes":[]},{"id":49,"url":"https:\/\/staging.bebizeit.de\/?page_id=49","url_meta":{"origin":96,"position":4},"title":"Baby","date":"18. M\u00e4rz 2016","format":false,"excerpt":"Habe ich ein Schreibaby? Diese Frage stellen sich viele besorgte Eltern, deren Baby viel weint. Dabei ist es gar nicht wichtig, ob ein Kind die offiziellen Wessel - Kriterien dazu erf\u00fcllt. Einzig und allein entscheidend ist, ob sich die Eltern durch das Schreien ihres Kindes in ihrer Beziehung zum Kind\u2026","rel":"","context":"\u00c4hnlicher Beitrag","img":{"alt_text":"mutterkindrehe","src":"https:\/\/i0.wp.com\/staging.bebizeit.de\/wp-content\/uploads\/2016\/03\/mutterkindrehe-300x158.jpg?resize=350%2C200&ssl=1","width":350,"height":200},"classes":[]},{"id":281,"url":"https:\/\/staging.bebizeit.de\/?page_id=281","url_meta":{"origin":96,"position":5},"title":"Datenschutz","date":"14. April 2016","format":false,"excerpt":"Datenschutzerkl\u00e4rung: Die Betreiber dieser\u00a0Seiten nehmen den Schutz Ihrer pers\u00f6nlichen Daten sehr ernst. Wir behandeln Ihre personenbezogenen Daten vertraulich und entsprechend der gesetzlichen Datenschutzvorschriften sowie dieser\u00a0Datenschutzerkl\u00e4rung. Die Nutzung unserer Webseite ist in der Regel ohne Angabe personenbezogener Daten m\u00f6glich. Soweit auf unseren Seiten personenbezogene Daten (beispielsweise\u00a0Name, Anschrift oder E-Mail-Adressen) erhoben werden,\u2026","rel":"","context":"\u00c4hnlicher Beitrag","img":{"alt_text":"","src":"","width":0,"height":0},"classes":[]}],"jetpack_shortlink":"https:\/\/wp.me\/P7lwlO-1y","_links":{"self":[{"href":"https:\/\/staging.bebizeit.de\/index.php?rest_route=\/wp\/v2\/pages\/96"}],"collection":[{"href":"https:\/\/staging.bebizeit.de\/index.php?rest_route=\/wp\/v2\/pages"}],"about":[{"href":"https:\/\/staging.bebizeit.de\/index.php?rest_route=\/wp\/v2\/types\/page"}],"author":[{"embeddable":true,"href":"https:\/\/staging.bebizeit.de\/index.php?rest_route=\/wp\/v2\/users\/1"}],"replies":[{"embeddable":true,"href":"https:\/\/staging.bebizeit.de\/index.php?rest_route=%2Fwp%2Fv2%2Fcomments&post=96"}],"version-history":[{"count":14,"href":"https:\/\/staging.bebizeit.de\/index.php?rest_route=\/wp\/v2\/pages\/96\/revisions"}],"predecessor-version":[{"id":9494,"href":"https:\/\/staging.bebizeit.de\/index.php?rest_route=\/wp\/v2\/pages\/96\/revisions\/9494"}],"wp:attachment":[{"href":"https:\/\/staging.bebizeit.de\/index.php?rest_route=%2Fwp%2Fv2%2Fmedia&parent=96"}],"curies":[{"name":"wp","href":"https:\/\/api.w.org\/{rel}","templated":true}]}}