{"id":94,"date":"2016-03-18T22:34:22","date_gmt":"2016-03-18T22:34:22","guid":{"rendered":"http:\/\/bebizeit.werbeagentur-webagentur-kreativagentur.de\/?page_id=94"},"modified":"2021-02-22T16:49:24","modified_gmt":"2021-02-22T15:49:24","slug":"kurse","status":"publish","type":"page","link":"https:\/\/staging.bebizeit.de\/?page_id=94","title":{"rendered":"Kurse"},"content":{"rendered":"<p><img data-attachment-id=\"197\" data-permalink=\"https:\/\/staging.bebizeit.de\/?attachment_id=197\" data-orig-file=\"https:\/\/staging.bebizeit.de\/wp-content\/uploads\/2016\/03\/leute.jpg\" data-orig-size=\"1000,440\" data-comments-opened=\"1\" data-image-meta=\"{&quot;aperture&quot;:&quot;0&quot;,&quot;credit&quot;:&quot;&quot;,&quot;camera&quot;:&quot;&quot;,&quot;caption&quot;:&quot;&quot;,&quot;created_timestamp&quot;:&quot;0&quot;,&quot;copyright&quot;:&quot;&quot;,&quot;focal_length&quot;:&quot;0&quot;,&quot;iso&quot;:&quot;0&quot;,&quot;shutter_speed&quot;:&quot;0&quot;,&quot;title&quot;:&quot;&quot;,&quot;orientation&quot;:&quot;0&quot;}\" data-image-title=\"leute\" data-image-description=\"\" data-image-caption=\"\" data-medium-file=\"https:\/\/staging.bebizeit.de\/wp-content\/uploads\/2016\/03\/leute-300x132.jpg\" data-large-file=\"https:\/\/staging.bebizeit.de\/wp-content\/uploads\/2016\/03\/leute.jpg\" decoding=\"async\" loading=\"lazy\" class=\"alignnone wp-image-197\" src=\"https:\/\/staging.bebizeit.de\/wp-content\/uploads\/2016\/03\/leute-300x132.jpg\" alt=\"leute\" width=\"441\" height=\"194\" srcset=\"https:\/\/staging.bebizeit.de\/wp-content\/uploads\/2016\/03\/leute-300x132.jpg 300w, https:\/\/staging.bebizeit.de\/wp-content\/uploads\/2016\/03\/leute-768x338.jpg 768w, https:\/\/staging.bebizeit.de\/wp-content\/uploads\/2016\/03\/leute.jpg 1000w\" sizes=\"(max-width: 441px) 100vw, 441px\" \/><\/p>\n<h2><\/h2>\n<h2><strong>Einfach Eltern sein und \u00a0Babys verstehen<\/strong><strong>\u00a0<\/strong><\/h2>\n<h2><strong>&#8211; damit die emotionale Vorbereitung auf das Elternsein gelingt <\/strong><\/h2>\n<p>Dieser Kurs bietet die perfekte Erg\u00e4nzung zur allgemeinen Geburtsvorbereitung. Es geht darum, ein feinf\u00fchliges Verst\u00e4ndnis und einen angemessenen Umgang in emotional herausfordernden Momenten beim Start in die Babyzeit zu erlernen. Die Veranstaltungsreihe informiert Schwangere, Paare, genauso wie frische Eltern \u00fcber die wichtigsten emotionalen Themen rund um den Einstieg in das Leben mit Baby. Es soll die M\u00f6glichkeit geboten werden, da\u00df sich Eltern f\u00fcr die Herausforderungen im Alltag mit ihrem Kind fit machen k\u00f6nnen und dadurch ein besseres Verst\u00e4ndnis f\u00fcr die Verhaltensweisen ihres Babys in fordernden Momenten bekommen. Nach einem kurzen informativen Vortrag haben Eltern anschlie\u00dfend die M\u00f6glichkeit, ihre dringenden Fragen zu stellen und miteinander in den Austausch zu kommen. Die Inhalte der vier Module bauen aufeinander auf, soda\u00df eine Anmeldung f\u00fcr alle vier Module sinnvoll ist; sie k\u00f6nnen aber auch einzeln besucht werden.<\/p>\n<ol>\n<li><strong>Babys verstehen <\/strong><\/li>\n<\/ol>\n<p>Mein Baby spricht mit mir &#8211; aber wie? Und kann ich es auch verstehen? Tipps, Infos und Beispiele, die Sprache des Babys richtig zu verstehen und \u00a0Missverst\u00e4ndnisse vorzubeugen. K\u00f6rpersignale und K\u00f6rpersprache der Babys lesen lernen, den passenden Moment f\u00fcr eine Interaktion erkennen lernen und Stresszust\u00e4nde des Babys fr\u00fchzeitig wahrnehmen.<\/p>\n<ol start=\"2\">\n<li><strong>Babys kommen an &#8211; Warum die ersten drei Monate so herausfordernd sind<\/strong><\/li>\n<\/ol>\n<p>Auf die Welt gekommen &#8211; verstehen was das Baby braucht, um in unserer Welt anzukommen, was es f\u00fchlt und wie es seine Welt begreift. Erfahren, was die Herausforderungen der ersten Zeit bedeuten und wie man diesen entspannt begegnet. Begreifen, warum das Baby so viel liebevolle Unterst\u00fctzung besonders in den ersten drei Monaten braucht.<\/p>\n<ol start=\"3\">\n<li><strong>Babys schlafen <\/strong><\/li>\n<\/ol>\n<p>Babys schlafen anders \u2026 , Fakten, Mythen, Hilfen f\u00fcr S\u00e4uglingseltern<\/p>\n<p>Tipps was Babys zum entspannten Schlafen brauchen und was den Schlaf st\u00f6ren kann. Kl\u00e4rung der elterlichen Schlafkonzepte sind die Voraussetzung f\u00fcr ruhige N\u00e4chte &#8211; f\u00fcr Babys und Eltern. Den Schlaf- Wach-Rhythmus des eigenen Babys\u00a0erkennen lernen.<\/p>\n<ol start=\"4\">\n<li><strong>Babys weinen <\/strong><\/li>\n<\/ol>\n<p>Tr\u00e4nenreiche Babyzeit und Schreien als Sprache und Ausdrucksm\u00f6glichkeit der kleinen Babys. Wichtige Fakten zum Schreien und praktische Hilfen f\u00fcr die Familie wenn das Baby quengelig ist oder viel weint. Der informative Abend auch f\u00fcr Eltern, die kein Schreikind haben.<\/p>\n<p>Termine: Mittwochs 10. &#8211; 31. M\u00e4rz \u00a0vom 19.00 &#8211; 20.00 Uhr<\/p>\n<p><b>Online &#8211; Kurs Anmeldung \u00fcber das Kontaktformular unten<\/b><\/p>\n<p><strong>Kosten: 100,- \u20ac \u00a0pro Familie<\/strong><\/p>\n<h2><strong>TOP Talk mit Baby<br \/>\n<\/strong><strong>Das etwas andere Babytreffen f\u00fcr die ganz frischen Babys und Mamas<\/strong><\/h2>\n<p>Dieses Treffen bietet die M\u00f6glichkeit, Euch zusammen mit anderen M\u00fcttern und einer Hebamme \u00fcber die allt\u00e4glichen Fragen rund um das Leben mit Baby auszutauschen. Jedes Treffen steht unter einem TOP, also einem Tagesordnungspunkt, der fachliche Infos, Beratung, Orientierung und Austauschm\u00f6glichkeit zu einem top-relevanten Thema in den ersten Lebensmonaten gibt. Es ist der Einstiegskurs f\u00fcr M\u00fctter, die gerne Kontakt zu anderen f\u00fcr sich und ihr Kind finden m\u00f6chten, sich informieren und austauschen m\u00f6chten. Bei konkreten und begr\u00fcndeten Fragestellungen k\u00f6nnen im Einzelfall auch zus\u00e4tzliche und individuelle Beratungen mit der Krankenkasse abgerechnet werden. (N\u00e4here Infos dazu durch die Kursleiterin zusammen mit der Anmeldung)<\/p>\n<p>TOP:<\/p>\n<ul>\n<li>Wie ern\u00e4hre ich mein Kind so wie es zu uns passt? Orientierung im Dschungel der M\u00f6glichkeiten -vom Stillen, F\u00fcttern und Beikost anbieten<\/li>\n<li>Zeitgerechte Entwicklung &#8211; Sorgen nehmen und Fakten geben zu den Meilensteine der k\u00f6rperlichen und emotionalen Entwicklung eines S\u00e4uglings<\/li>\n<li>Ruhe finden &#8211; Schlafsettings in der Familie<\/li>\n<li>Und wo bleibe ich? Selbstf\u00fcrsorge f\u00fcr M\u00fctter und V\u00e4ter &#8211; wann beginnt eigentlich Erziehung?<\/li>\n<li>Kleine Wehwehchen selbst behandeln und Alternativen zum Arztbesuch &#8211; Chancen und Grenzen von Hausmitteln und Tipps f\u00fcr alternative Heilmethoden<\/li>\n<li>Ein Wunschthema kann im Treffen besprochen werden \u2013 z. B. Babys besser verstehen wenn sie quengeln, Babys und Smartphones, Babysitter einf\u00fchren, \u2026<\/li>\n<\/ul>\n<p><strong>Beginn auf Anfrage<\/strong><\/p>\n<p><strong>\u200b<\/strong><strong>6 Treffen <\/strong><strong>\u00a0 \u00a0 \u00a0 \u00a0 \u00a0 \u00a0 \u00a0 \u00a0 \u00a0 \u00a0 \u00a0 \u00a0 \u00a0 \u00a0<\/strong><\/p>\n<p><strong>Kosten: 150,- \u20ac<\/strong><\/p>\n<h2><strong>Mental-Mama-Fitness <\/strong><\/h2>\n<p>Irgendwann kommen frische M\u00fctter an den Punkt an dem sie sich fragen, warum sie sich eigentlich f\u00fcr ein (weiteres) Kind entschieden haben. Bei allem Sonnenschein rund ums Baby, tauchen manchmal auch die Schattenseiten des Mutterseins auf. In diesem gesch\u00fctzten Kursrahmen d\u00fcrfen offene und ehrliche Gespr\u00e4che dar\u00fcber gef\u00fchrt werden und es sollen Hilfen gegeben werden, wenn nicht immer die Sonne am Babyhimmel scheint. Dieser Kurs ist auch f\u00fcr M\u00fctter, die immernoch an die Geburt oder die fr\u00fche Zeit danach denken, die vielleicht so anders als erwartet abgelaufen ist. Willkommen bist Du auch wenn Du dich irritiert f\u00fchlst durch Gef\u00fchle von Sorge, Angst oder Ungl\u00fccklichsein, an Deiner St\u00e4rke als Mutter zweifelst oder glaubst, anders als andere M\u00fctter zu sein.<\/p>\n<p>Kursziele sind:<\/p>\n<ul>\n<li>Aufr\u00e4umen mit dem Tabu-Thema, da\u00df M\u00fctter nur gl\u00fccklich und zufrieden sein m\u00fcssen<\/li>\n<li>offene Aussprache und Austauschm\u00f6glichkeit mit den Teilnehmerinnen \u00fcber die Themen Deines Alltags mit Baby<\/li>\n<li>Anleitung zur Selbsthilfe f\u00fcr einen wohlwollenden Umgang mit Dir selbst<\/li>\n<li>Infos und Tipps zu den emotional herausfordernden Seiten des Mutterseins, Umgang mit Sorgen, \u00c4ngsten und einem Babyblues, der vielleicht immer wieder seine Schatten wirft<\/li>\n<li>Was ist Dir in Zukunft wichtig und wie willst Du deine Ziele erreichen?<\/li>\n<li>Kl\u00e4rung der Betroffenheit des Kindes: warum es Deinem Kind gut geht wenn es Dir gut geht<\/li>\n<\/ul>\n<p><strong>\u00a0<\/strong><strong>6 Treffen\u00a0<\/strong><\/p>\n<p>Beginn auf Anfrage<\/p>\n<p><strong>Kosten: 120,- \u20ac<\/strong><\/p>\n<h1>Anmeldung zu einem Kurs<\/h1>\n<p>W\u00e4hlen Sie im folgenden Formular einen oder mehrere Kurse, an denen Sie teilnehmen wollen. Ich melde mich per Mail bei Ihnen.<\/p>\n<div id='contact-form-94'>\n<form action='https:\/\/staging.bebizeit.de\/?page_id=94#contact-form-94' method='post' class='contact-form commentsblock'>\n<script>\n\t\t\t( function () {\n\t\t\t\tconst contact_forms = document.getElementsByClassName('contact-form');\n\n\t\t\t\tfor ( const form of contact_forms ) {\n\t\t\t\t\tform.onsubmit = function() {\n\t\t\t\t\t\tconst buttons = form.getElementsByTagName('button');\n\n\t\t\t\t\t\tfor( const button of buttons ) {\n\t\t\t\t\t\t\tbutton.setAttribute('disabled', true);\n\t\t\t\t\t\t}\n\t\t\t\t\t}\n\t\t\t\t}\n\t\t\t} )();\n\t\t<\/script>\n<div class='grunion-field-wrap grunion-field-name-wrap'  >\n<label\n\t\t\t\tfor='g94-name'\n\t\t\t\tclass='grunion-field-label name'\n\t\t\t\t>Name<span>(erforderlich)<\/span><\/label>\n<input\n\t\t\t\t\ttype='text'\n\t\t\t\t\tname='g94-name'\n\t\t\t\t\tid='g94-name'\n\t\t\t\t\tvalue=''\n\t\t\t\t\tclass='name' \n\t\t\t\t\trequired aria-required='true'\n\t\t\t\t\/>\n\t<\/div>\n\n<div class='grunion-field-wrap grunion-field-email-wrap'  >\n<label\n\t\t\t\tfor='g94-email'\n\t\t\t\tclass='grunion-field-label email'\n\t\t\t\t>E-Mail<span>(erforderlich)<\/span><\/label>\n<input\n\t\t\t\t\ttype='email'\n\t\t\t\t\tname='g94-email'\n\t\t\t\t\tid='g94-email'\n\t\t\t\t\tvalue=''\n\t\t\t\t\tclass='email' \n\t\t\t\t\trequired aria-required='true'\n\t\t\t\t\/>\n\t<\/div>\n\n<div class='grunion-field-wrap grunion-field-checkbox-multiple-wrap'  >\n<label\n\t\t\t\tfor='g94-kursewhlen'\n\t\t\t\tclass='grunion-field-label'\n\t\t\t\t>Kurse w\u00e4hlen<span>(erforderlich)<\/span><\/label>\n\t\t<label class='grunion-checkbox-multiple-label checkbox-multiple'><input type='checkbox' name='g94-kursewhlen[]' value='Einfach Eltern sein und &nbsp;Babys verstehen' class='checkbox-multiple'  \/> Einfach Eltern sein und &nbsp;Babys verstehen<\/label>\n\t\t<div class='clear-form'><\/div>\n\t\t<label class='grunion-checkbox-multiple-label checkbox-multiple'><input type='checkbox' name='g94-kursewhlen[]' value='TOP Talk mit Baby' class='checkbox-multiple'  \/> TOP Talk mit Baby<\/label>\n\t\t<div class='clear-form'><\/div>\n\t\t<label class='grunion-checkbox-multiple-label checkbox-multiple'><input type='checkbox' name='g94-kursewhlen[]' value='Mental-Mama-Fitness' class='checkbox-multiple'  \/> Mental-Mama-Fitness<\/label>\n\t\t<div class='clear-form'><\/div>\n\t<\/div>\n\n<div class='grunion-field-wrap grunion-field-textarea-wrap'  >\n<label\n\t\t\t\tfor='contact-form-comment-g94-kommentar'\n\t\t\t\tclass='grunion-field-label textarea'\n\t\t\t\t>Kommentar<span>(erforderlich)<\/span><\/label>\n<textarea\n\t\t                name='g94-kommentar'\n\t\t                id='contact-form-comment-g94-kommentar'\n\t\t                rows='20' class='textarea'  required aria-required='true'><\/textarea>\n\t<\/div>\n\r\n\r\n<div class=\"si_captcha_small\"><img id=\"si_image_jetpack\" src=\"https:\/\/staging.bebizeit.de\/wp-content\/plugins\/si-captcha-for-wordpress\/captcha\/securimage_show.php?si_sm_captcha=1&amp;si_form_id=jetpack&amp;prefix=ZWsVMnkEgOxTFQuT\" width=\"132\" height=\"45\" alt=\"CAPTCHA\" title=\"CAPTCHA\" \/>\n    <input id=\"si_code_jetpack\" name=\"si_code_jetpack\" type=\"hidden\"  value=\"ZWsVMnkEgOxTFQuT\" \/>\n    <div id=\"si_refresh_jetpack\">\n<a href=\"#\" rel=\"nofollow\" title=\"Refresh\" onclick=\"si_captcha_refresh('si_image_jetpack','jetpack','\/wp-content\/plugins\/si-captcha-for-wordpress\/captcha','https:\/\/staging.bebizeit.de\/wp-content\/plugins\/si-captcha-for-wordpress\/captcha\/securimage_show.php?si_sm_captcha=1&amp;si_form_id=jetpack&amp;prefix='); return false;\">\n      <img class=\"si_captcha_refresh\" src=\"https:\/\/staging.bebizeit.de\/wp-content\/plugins\/si-captcha-for-wordpress\/captcha\/images\/refresh.png\" width=\"22\" height=\"20\" alt=\"Refresh\" onclick=\"this.blur();\" \/><\/a>\r\n  <\/div>\r\n  <\/div>\r\n\r\n<div>\r\n<br \/>\r\n <label>CAPTCHA Code<br \/>\r\n<input id=\"si_captcha_code\" name=\"si_captcha_code\" class=\"input\" type=\"text\" value=\"\" \/><\/label>\r\n<\/div>\r\n\r\n\r\n        \t<p class='contact-submit'>\n\t\t<button type='submit' class='pushbutton-wide'>Senden<\/button>\t\t<input type='hidden' name='contact-form-id' value='94' \/>\n\t\t<input type='hidden' name='action' value='grunion-contact-form' \/>\n\t\t<input type='hidden' name='contact-form-hash' value='fbd9326bddd096cbbcb841fc4a7206a90898582a' \/>\n\t<\/p>\n<p style=\"display: none !important;\"><label>&#916;<textarea name=\"ak_hp_textarea\" cols=\"45\" rows=\"8\" maxlength=\"100\"><\/textarea><\/label><input type=\"hidden\" id=\"ak_js_1\" name=\"ak_js\" value=\"43\"\/><script>document.getElementById( \"ak_js_1\" ).setAttribute( \"value\", ( new Date() ).getTime() );<\/script><\/p><\/form>\n<\/div>\n<h1><\/h1>\n<h1>Weitere Kooperationen<\/h1>\n<h2>Wochenbettbetreuung als offene Sprechstunde im Nachbarschaftshaus in Biebrich<\/h2>\n<p><strong>Montag, Mittwoch und Freitag von 10.00 \u2013 11.30 Uhr<br \/>\n<\/strong><br \/>\neine Hebamme im Nachbarschaftshaus ansprechbar sein. W\u00e4hrend dieser Zeit k\u00f6nnen interessierte M\u00fctter mit ihrem Baby kommen, die keine Hebamme f\u00fcr die Wochenbettbetreuung zu Hause gefunden haben. Es werden keine Termine vergeben, es ist auch keine Voranmeldung n\u00f6tig und Hausbesuche sind nicht vorgesehen. Eltern m\u00fcssen nur etwas Geduld und ihre Krankenkassenkarte f\u00fcr die Abrechnung mitbringen. Es ist m\u00f6glich, dass eine Mutter mehrere Hebammen kennen lernt wenn sie \u00f6fter kommt, da sich die Hebammen abwechseln.<\/p>\n<p>Nachbarschaftshaus Wiesbaden e.V. \u00a0 Rathausstra\u00dfe 10 \u00a0 \u00a0 \u00a0 \u00a0 \u00a0 \u00a0 \u00a0 \u00a0 \u00a0 \u00a0 \u00a0 \u00a0 \u00a0 65203 Wiesbaden-Biebrich<\/p>\n<p><a href=\"http:\/\/www.nachbarschaftshaus-wiesbaden.de\/\" target=\"_blank\" rel=\"noopener\">www.nachbarschaftshaus-wiesbaden.de<\/a><\/p>\n<p>Hebammenliste: \u00a0www.hebammen-hessen.de<br \/>\nSozialp\u00e4diatrisches Zentrum Frankfurt:\u00a0\u00a0www.<b>spz<\/b>&#8211;<b>frankfurt<\/b>.de<\/p>\n","protected":false},"excerpt":{"rendered":"<p>Einfach Eltern sein und \u00a0Babys verstehen\u00a0 &#8211; damit die emotionale Vorbereitung auf das Elternsein gelingt Dieser Kurs bietet die perfekte Erg\u00e4nzung zur allgemeinen Geburtsvorbereitung. Es geht darum, ein feinf\u00fchliges Verst\u00e4ndnis und einen angemessenen Umgang in emotional herausfordernden Momenten beim Start in die Babyzeit zu erlernen. Die Veranstaltungsreihe informiert Schwangere, Paare, genauso wie frische Eltern \u00fcber &hellip; <a href=\"https:\/\/staging.bebizeit.de\/?page_id=94\" class=\"more-link\"><span class=\"screen-reader-text\">Kurse<\/span> weiterlesen <span class=\"meta-nav\">&rarr;<\/span><\/a><\/p>\n","protected":false},"author":1,"featured_media":0,"parent":0,"menu_order":0,"comment_status":"closed","ping_status":"closed","template":"","meta":{"jetpack_post_was_ever_published":false},"jetpack-related-posts":[{"id":49,"url":"https:\/\/staging.bebizeit.de\/?page_id=49","url_meta":{"origin":94,"position":0},"title":"Baby","date":"18. M\u00e4rz 2016","format":false,"excerpt":"Habe ich ein Schreibaby? Diese Frage stellen sich viele besorgte Eltern, deren Baby viel weint. Dabei ist es gar nicht wichtig, ob ein Kind die offiziellen Wessel - Kriterien dazu erf\u00fcllt. Einzig und allein entscheidend ist, ob sich die Eltern durch das Schreien ihres Kindes in ihrer Beziehung zum Kind\u2026","rel":"","context":"\u00c4hnlicher Beitrag","img":{"alt_text":"mutterkindrehe","src":"https:\/\/i0.wp.com\/staging.bebizeit.de\/wp-content\/uploads\/2016\/03\/mutterkindrehe-300x158.jpg?resize=350%2C200&ssl=1","width":350,"height":200},"classes":[]},{"id":2,"url":"https:\/\/staging.bebizeit.de\/","url_meta":{"origin":94,"position":1},"title":"Bebizeit","date":"3. Februar 2016","format":false,"excerpt":"Die Zeit in der Erwartung eines Kindes und auch die Zeit nach der Geburt sind eine aufregende Zeit f\u00fcr frische Eltern. Es gibt viele Fragen, die sich w\u00e4hrend der Bebizeit stellen und die meisten Eltern finden auch selber eine befriedigende Antwort. Manchmal beginnt das Leben mit einem Baby aber auch\u2026","rel":"","context":"\u00c4hnlicher Beitrag","img":{"alt_text":"","src":"https:\/\/i0.wp.com\/staging.bebizeit.de\/wp-content\/uploads\/2019\/11\/RehFamDrei.jpg?resize=350%2C200&ssl=1","width":350,"height":200},"classes":[]},{"id":114,"url":"https:\/\/staging.bebizeit.de\/?page_id=114","url_meta":{"origin":94,"position":2},"title":"Hebammenhilfe","date":"18. M\u00e4rz 2016","format":false,"excerpt":"Information f\u00fcr Schwangere, die eine Wochenbettbetreuung zu Hause nach der Geburt suchen: Ich biete Wochenbettbetreuungen nur in Wiesbaden- Biebrich an!\u00a0Bitte geben Sie bei Anfragen deshalb unbedingt ihre Adresse und den errechneten Entbindungstermin an. Vielen Dank! Was steht Ihnen zu? Die Hebamme ist die Fachfrau rund um die Schwangerschaft, Geburt und\u2026","rel":"","context":"\u00c4hnlicher Beitrag","img":{"alt_text":"storch","src":"https:\/\/i0.wp.com\/staging.bebizeit.de\/wp-content\/uploads\/2016\/03\/storch-290x300.jpg?resize=350%2C200&ssl=1","width":350,"height":200},"classes":[]},{"id":104,"url":"https:\/\/staging.bebizeit.de\/?page_id=104","url_meta":{"origin":94,"position":3},"title":"\u00dcber Mich","date":"18. M\u00e4rz 2016","format":false,"excerpt":"Das Ziel meiner Arbeit ist es, empathische Begleitung und fachliche Beratung abgestimmt auf die individuellen Bed\u00fcrfnisse frischer Eltern mit ihrem Baby anzubieten. Dabei ist es mir wichtig, Eltern kompetent und sicher f\u00fcr ihre Elternrolle zu machen, auch - und gerade wenn der Start als Familie mit besonderen, unerwarteten Herausforderungen beginnt.\u2026","rel":"","context":"\u00c4hnlicher Beitrag","img":{"alt_text":"sabine_funk","src":"https:\/\/i0.wp.com\/staging.bebizeit.de\/wp-content\/uploads\/2016\/04\/sabine_funk-300x203.jpg?resize=350%2C200&ssl=1","width":350,"height":200},"classes":[]},{"id":98,"url":"https:\/\/staging.bebizeit.de\/?page_id=98","url_meta":{"origin":94,"position":4},"title":"Wunschkind","date":"18. M\u00e4rz 2016","format":false,"excerpt":"Nicht f\u00fcr alle Paare ist es selbstverst\u00e4ndlich selbstbestimmt in die Familienplanung zu starten und sich dem Lauf der Natur hinzugeben. Ganz im Gegenteil: sie haben gro\u00dfe Anstrengungen auf sich genommen, nach Plan gelebt und geliebt und auch medizinische Hilfe in Anspruch genommen. Doch nun ist es endlich soweit, das Wunschkind\u2026","rel":"","context":"\u00c4hnlicher Beitrag","img":{"alt_text":"schwalben","src":"https:\/\/i0.wp.com\/staging.bebizeit.de\/wp-content\/uploads\/2016\/03\/schwalben-290x300.jpg?resize=350%2C200&ssl=1","width":350,"height":200},"classes":[]},{"id":106,"url":"https:\/\/staging.bebizeit.de\/?page_id=106","url_meta":{"origin":94,"position":5},"title":"M\u00fctter","date":"18. M\u00e4rz 2016","format":false,"excerpt":"Egal wie lange eine Frau bereits Mutter ist und wie egal wie klein oder gro\u00df ihr Baby ist, es kann zu jeder Zeit dr\u00e4ngende Fragen oder Sorgen geben, die Anlass geben, nach kompetenter Hilfe zu suchen. Das alte Sprichwort: Kleine Kinder \u2013 kleine Sorgen, gro\u00dfe Kinder \u2013 gro\u00dfe Sorgen\u00a0ist dabei\u2026","rel":"","context":"\u00c4hnlicher Beitrag","img":{"alt_text":"","src":"https:\/\/i0.wp.com\/staging.bebizeit.de\/wp-content\/uploads\/2016\/03\/kaenguru_hellerbeutel_gerade-211x300.jpg?resize=350%2C200&ssl=1","width":350,"height":200},"classes":[]}],"jetpack_shortlink":"https:\/\/wp.me\/P7lwlO-1w","_links":{"self":[{"href":"https:\/\/staging.bebizeit.de\/index.php?rest_route=\/wp\/v2\/pages\/94"}],"collection":[{"href":"https:\/\/staging.bebizeit.de\/index.php?rest_route=\/wp\/v2\/pages"}],"about":[{"href":"https:\/\/staging.bebizeit.de\/index.php?rest_route=\/wp\/v2\/types\/page"}],"author":[{"embeddable":true,"href":"https:\/\/staging.bebizeit.de\/index.php?rest_route=\/wp\/v2\/users\/1"}],"replies":[{"embeddable":true,"href":"https:\/\/staging.bebizeit.de\/index.php?rest_route=%2Fwp%2Fv2%2Fcomments&post=94"}],"version-history":[{"count":56,"href":"https:\/\/staging.bebizeit.de\/index.php?rest_route=\/wp\/v2\/pages\/94\/revisions"}],"predecessor-version":[{"id":9098,"href":"https:\/\/staging.bebizeit.de\/index.php?rest_route=\/wp\/v2\/pages\/94\/revisions\/9098"}],"wp:attachment":[{"href":"https:\/\/staging.bebizeit.de\/index.php?rest_route=%2Fwp%2Fv2%2Fmedia&parent=94"}],"curies":[{"name":"wp","href":"https:\/\/api.w.org\/{rel}","templated":true}]}}