{"id":49,"date":"2016-03-18T19:03:31","date_gmt":"2016-03-18T19:03:31","guid":{"rendered":"http:\/\/bebizeit.werbeagentur-webagentur-kreativagentur.de\/?page_id=49"},"modified":"2019-11-04T16:05:28","modified_gmt":"2019-11-04T15:05:28","slug":"baby","status":"publish","type":"page","link":"https:\/\/staging.bebizeit.de\/?page_id=49","title":{"rendered":"Baby"},"content":{"rendered":"<h2><img data-attachment-id=\"200\" data-permalink=\"https:\/\/staging.bebizeit.de\/?attachment_id=200\" data-orig-file=\"https:\/\/staging.bebizeit.de\/wp-content\/uploads\/2016\/03\/mutterkindrehe.jpg\" data-orig-size=\"1024,538\" data-comments-opened=\"1\" data-image-meta=\"{&quot;aperture&quot;:&quot;0&quot;,&quot;credit&quot;:&quot;&quot;,&quot;camera&quot;:&quot;&quot;,&quot;caption&quot;:&quot;&quot;,&quot;created_timestamp&quot;:&quot;0&quot;,&quot;copyright&quot;:&quot;&quot;,&quot;focal_length&quot;:&quot;0&quot;,&quot;iso&quot;:&quot;0&quot;,&quot;shutter_speed&quot;:&quot;0&quot;,&quot;title&quot;:&quot;&quot;,&quot;orientation&quot;:&quot;0&quot;}\" data-image-title=\"mutterkindrehe\" data-image-description=\"\" data-image-caption=\"\" data-medium-file=\"https:\/\/staging.bebizeit.de\/wp-content\/uploads\/2016\/03\/mutterkindrehe-300x158.jpg\" data-large-file=\"https:\/\/staging.bebizeit.de\/wp-content\/uploads\/2016\/03\/mutterkindrehe-1024x538.jpg\" decoding=\"async\" loading=\"lazy\" class=\"alignnone wp-image-200\" src=\"https:\/\/staging.bebizeit.de\/wp-content\/uploads\/2016\/03\/mutterkindrehe-300x158.jpg\" alt=\"mutterkindrehe\" width=\"452\" height=\"238\" srcset=\"https:\/\/staging.bebizeit.de\/wp-content\/uploads\/2016\/03\/mutterkindrehe-300x158.jpg 300w, https:\/\/staging.bebizeit.de\/wp-content\/uploads\/2016\/03\/mutterkindrehe-768x404.jpg 768w, https:\/\/staging.bebizeit.de\/wp-content\/uploads\/2016\/03\/mutterkindrehe.jpg 1024w\" sizes=\"(max-width: 452px) 100vw, 452px\" \/><\/h2>\n<h2>Habe ich ein Schreibaby?<\/h2>\n<p>Diese Frage stellen sich viele besorgte Eltern, deren Baby viel weint. Dabei ist es gar nicht wichtig, ob ein Kind die offiziellen Wessel &#8211; Kriterien dazu erf\u00fcllt. Einzig und allein entscheidend ist, ob sich die Eltern durch das Schreien ihres Kindes in ihrer Beziehung zum Kind unwohl f\u00fchlen und sich im Umgang mit dem Kind beeintr\u00e4chtigt f\u00fchlen. Die unten aufgef\u00fchrten Situationen k\u00f6nnen ein Hinweis f\u00fcr eine m\u00f6gliche Schreibabyproblematik sein.<\/p>\n<p>Der Umgang mit dem Baby ist schwierig weil:<\/p>\n<ul>\n<li>Es weint, nicht allein einschl\u00e4ft und nicht in seinem eigenen Bett bleiben m\u00f6chte wenn es m\u00fcde ist<\/li>\n<li>Das Schlafenlegen lange dauert und Eltern viel beruhigen m\u00fcssen durch Tragen, Schaukeln, H\u00fcpfen, Autofahren, Singen, \u2026 bis das Kind endlich schl\u00e4ft<\/li>\n<li>Das Stillen oder F\u00fcttern sehr lange dauert und die einzige M\u00f6glichkeit ist, das Kind zu beruhigen<\/li>\n<li>Das Baby nur kurz schl\u00e4ft und dann wieder weinend aufwacht<\/li>\n<li>Das Baby nicht abgelegt werden kann<\/li>\n<li>Es viel Aufmerksamkeit und Besch\u00e4ftigung braucht und den Eindruck macht, dass ihm st\u00e4ndig langweilig sei<\/li>\n<\/ul>\n<p>Was die Eltern eines Schreibabys denken:<\/p>\n<ul>\n<li>Ist mit meinem Kind vielleicht etwas nicht in Ordnung?<\/li>\n<li>Was machen wir falsch?<\/li>\n<li>Mag mich mein Kind vielleicht nicht?<\/li>\n<li>Ich m\u00f6chte doch so gern eine gute Mutter \/ ein guter Vater sein!<\/li>\n<li>Ich bin manchmal so w\u00fctend, dass ich mein Kind am liebsten durch sch\u00fctteln oder den-Mund-zu-halten zum Stillsein bringen w\u00fcrde!<\/li>\n<li>Ich kann nicht mehr und wie soll es in Zukunft weitergehen?<\/li>\n<\/ul>\n<h2><\/h2>\n<h2>Schlafberatung<\/h2>\n<p><em>Wenn der Wunsch nach erholsamen Schlaf ein Traum bleibt\u00a0 \u00a0 \u00a0 \u00a0 \u00a0 \u00a0 \u00a0 \u00a0 \u00a0 \u00a0 \u00a0 \u00a0 \u00a0 \u00a0 \u00a0 \u00a0und das Schlafenlegen eine Herausforderung ist.<\/em><\/p>\n<p>Manche Babys und Kleinkinder schlafen nur sehr schwer ein und es ist f\u00fcr die Eltern sehr anstrengend,\u00a0 es schlafen zu legen. Eine Beratung rund um Babys Schlaf ist sinnvoll wenn es:<\/p>\n<ul>\n<li>l\u00e4nger als 30 Minuten braucht bis es eingeschlafen ist<\/li>\n<li>nur mit der intensiven Unterst\u00fctzung und mit K\u00f6rperkontakt durch die Eltern\u00a0 wie tragen, schaukeln oder stillen\/f\u00fcttern \u2026\u00a0einschl\u00e4ft<\/li>\n<li>beim Ablegen sofort wieder wach wird, oder heftig protestiert wenn es in sein eigenes Bett gebracht wird<\/li>\n<li>mehrmals in der Nacht aufwacht und dann ohne die gewohnten Einschlafhilfen nicht weiterschlafen\u00a0 kann<\/li>\n<li>tags\u00fcber einen unausgeglichenen und m\u00fcden Eindruck\u00a0macht<\/li>\n<\/ul>\n<p>&nbsp;<\/p>\n<p>Auch f\u00fcr die Eltern ist der Umgang mit einem Kind, das Schlafprobleme hat ein Problem, denn sie<\/p>\n<ul>\n<li>erleben sich als gestresst, ersch\u00f6pft und genervt<\/li>\n<li>f\u00fchlen sich hilflos, weil alle bisherigen Beruhigungsstrategien ohne dauerhaften Erfolg geblieben sind<\/li>\n<li>hinterfragen die au\u00dfergew\u00f6hnlichen Schlafgewohnheiten ihres Kindes gerade wenn der Wiedereinstieg in den Beruf ansteht und die geplante Elternzeit zu Ende geht<\/li>\n<li>sind auf der Suche nach kompetenter und empathischer Unterst\u00fctzung, weil sie die Notwendigkeit erkennen, die Schlafgewohnheiten ihres Kindes zu ver\u00e4ndern<\/li>\n<li>erleben oft eine angespannte Paarbeziehung und vernachl\u00e4ssigen ihre eigenen Bed\u00fcrfnisse<\/li>\n<\/ul>\n<p>&nbsp;<\/p>\n<h2>Das Baby l\u00e4sst sich nicht abstillen<\/h2>\n<p>Eigentlich ist f\u00fcr die Mutter ein gro\u00dfer Wunsch in Erf\u00fcllung gegangen als das Stillen nach gro\u00dfer Anstrengung endlich geklappt hat. Sie hat die Freude \u00fcber ihren Stillerfolg verbunden mit der innigen Zweisamkeit sowie die Annehmlichkeiten und Vorteile des Stillens lange genossen. Doch mittlerweile ist das Kind gro\u00df und selbst\u00e4ndig genug, um nicht mehr gestillt werden zu m\u00fcssen. Doch es stillt sich nicht von allein ab. Bei der Mutter w\u00e4chst der Wunsch nach mehr Unabh\u00e4ngigkeit und, dass der Vater oder vielleicht auch ein Babysitter das Kind ins Bett bringen k\u00f6nnen. Auch m\u00f6chte sie nachts selbst einmal wieder durchschlafen, denn sie f\u00fchlt sich sehr ersch\u00f6pft, weil das Kind nachts schreit und nur durch h\u00e4ufiges anlegen wieder zur\u00fcck in den Schlaf findet.<\/p>\n<h2>Stress beim F\u00fcttern<\/h2>\n<p>Die Einf\u00fchrung von Beikost vom L\u00f6ffel ist f\u00fcr ein Baby, aber auch f\u00fcr seine Mutter ein gro\u00dfer Schritt und die neue Erfahrung kann f\u00fcr beide mit ein wenig Unsicherheit verbunden sein. Das ist ganz unbedenklich, denn alles Neue macht uns zun\u00e4chst erst einmal ein wenig unsicher. Aber mit etwas \u00dcbung gew\u00f6hnen sich beide &#8211; Baby und Eltern &#8211; an diese neue Erfahrung und haben dann Freude daran, das Neue zu genie\u00dfen. Manche Babys lassen sich aber nicht so einfach \u00fcberzeugen, vom L\u00f6ffel zu essen obwohl sie gesund und gro\u00df genug daf\u00fcr sind. Dann dauern Mahlzeiten sehr lang und Eltern haben manchmal das Gef\u00fchl, ihrem Kind st\u00e4ndig einen Happen in den Mund stecken zu m\u00fcssen, damit das Kind wenigstens ein wenig isst. Essen ist dann keine gem\u00fctliche und entspannte Familienrunde mehr, sondern ein mit Sorge und Stress besetztes Reizthema, das f\u00fcr Eltern und Kind sehr nervenzehrend ist. Schnell haben Eltern dann auch das Gef\u00fchl, die Kontrolle zu verlieren und f\u00fchlen sich durch eventuelles Erbrechen von ihrem Kind unter Druck gesetzt. Hinzu kommt die Sorge \u00fcber Mangelversorgung und Untergewicht, die das Gef\u00fchl aufkommen l\u00e4sst, dass das Kind vernachl\u00e4ssigt sein k\u00f6nnte.<\/p>\n<p>&nbsp;<\/p>\n<h2>Stille Babys<\/h2>\n<p>Es gibt auch Babys, die sehr still sind und man das Gef\u00fchl hat, dass sie ganz besonders pflegeleicht sind. Diese Kinder tr\u00e4umen sehr viel und obwohl sie wach sind, wirken sie als ob sie abwesend und ganz weit weg sind. Sie schlafen besonders viel und machen einen \u00fcberm\u00e4\u00dfig angepassten Eindruck &#8211; als wollten sie auf keinen Fall Aufmerksamkeit auf sich ziehen. Auch diese Kinder brauchen Hilfe, damit sie in eine lebensnotwendige Beziehung und Bindung zu ihren Eltern und Bezugspersonen kommen k\u00f6nnen.<br \/>\nSchlie\u00dflich sind Sorge um das Kind und auch die Sorge um sich selbst immer ein Grund, sich Hilfe zu holen.<\/p>\n","protected":false},"excerpt":{"rendered":"<p>Habe ich ein Schreibaby? Diese Frage stellen sich viele besorgte Eltern, deren Baby viel weint. Dabei ist es gar nicht wichtig, ob ein Kind die offiziellen Wessel &#8211; Kriterien dazu erf\u00fcllt. Einzig und allein entscheidend ist, ob sich die Eltern durch das Schreien ihres Kindes in ihrer Beziehung zum Kind unwohl f\u00fchlen und sich im &hellip; <a href=\"https:\/\/staging.bebizeit.de\/?page_id=49\" class=\"more-link\"><span class=\"screen-reader-text\">Baby<\/span> weiterlesen <span class=\"meta-nav\">&rarr;<\/span><\/a><\/p>\n","protected":false},"author":1,"featured_media":0,"parent":0,"menu_order":0,"comment_status":"closed","ping_status":"closed","template":"","meta":{"jetpack_post_was_ever_published":false},"jetpack-related-posts":[{"id":2,"url":"https:\/\/staging.bebizeit.de\/","url_meta":{"origin":49,"position":0},"title":"Bebizeit","date":"3. Februar 2016","format":false,"excerpt":"Die Zeit in der Erwartung eines Kindes und auch die Zeit nach der Geburt sind eine aufregende Zeit f\u00fcr frische Eltern. Es gibt viele Fragen, die sich w\u00e4hrend der Bebizeit stellen und die meisten Eltern finden auch selber eine befriedigende Antwort. Manchmal beginnt das Leben mit einem Baby aber auch\u2026","rel":"","context":"\u00c4hnlicher Beitrag","img":{"alt_text":"","src":"https:\/\/i0.wp.com\/staging.bebizeit.de\/wp-content\/uploads\/2019\/11\/RehFamDrei.jpg?resize=350%2C200&ssl=1","width":350,"height":200},"classes":[]},{"id":94,"url":"https:\/\/staging.bebizeit.de\/?page_id=94","url_meta":{"origin":49,"position":1},"title":"Kurse","date":"18. M\u00e4rz 2016","format":false,"excerpt":"Einfach Eltern sein und \u00a0Babys verstehen\u00a0 - damit die emotionale Vorbereitung auf das Elternsein gelingt Dieser Kurs bietet die perfekte Erg\u00e4nzung zur allgemeinen Geburtsvorbereitung. Es geht darum, ein feinf\u00fchliges Verst\u00e4ndnis und einen angemessenen Umgang in emotional herausfordernden Momenten beim Start in die Babyzeit zu erlernen. Die Veranstaltungsreihe informiert Schwangere, Paare,\u2026","rel":"","context":"\u00c4hnlicher Beitrag","img":{"alt_text":"","src":"","width":0,"height":0},"classes":[]},{"id":106,"url":"https:\/\/staging.bebizeit.de\/?page_id=106","url_meta":{"origin":49,"position":2},"title":"M\u00fctter","date":"18. M\u00e4rz 2016","format":false,"excerpt":"Egal wie lange eine Frau bereits Mutter ist und wie egal wie klein oder gro\u00df ihr Baby ist, es kann zu jeder Zeit dr\u00e4ngende Fragen oder Sorgen geben, die Anlass geben, nach kompetenter Hilfe zu suchen. Das alte Sprichwort: Kleine Kinder \u2013 kleine Sorgen, gro\u00dfe Kinder \u2013 gro\u00dfe Sorgen\u00a0ist dabei\u2026","rel":"","context":"\u00c4hnlicher Beitrag","img":{"alt_text":"","src":"https:\/\/i0.wp.com\/staging.bebizeit.de\/wp-content\/uploads\/2016\/03\/kaenguru_hellerbeutel_gerade-211x300.jpg?resize=350%2C200&ssl=1","width":350,"height":200},"classes":[]},{"id":98,"url":"https:\/\/staging.bebizeit.de\/?page_id=98","url_meta":{"origin":49,"position":3},"title":"Wunschkind","date":"18. M\u00e4rz 2016","format":false,"excerpt":"Nicht f\u00fcr alle Paare ist es selbstverst\u00e4ndlich selbstbestimmt in die Familienplanung zu starten und sich dem Lauf der Natur hinzugeben. Ganz im Gegenteil: sie haben gro\u00dfe Anstrengungen auf sich genommen, nach Plan gelebt und geliebt und auch medizinische Hilfe in Anspruch genommen. Doch nun ist es endlich soweit, das Wunschkind\u2026","rel":"","context":"\u00c4hnlicher Beitrag","img":{"alt_text":"schwalben","src":"https:\/\/i0.wp.com\/staging.bebizeit.de\/wp-content\/uploads\/2016\/03\/schwalben-290x300.jpg?resize=350%2C200&ssl=1","width":350,"height":200},"classes":[]},{"id":102,"url":"https:\/\/staging.bebizeit.de\/?page_id=102","url_meta":{"origin":49,"position":4},"title":"Schwangere","date":"18. M\u00e4rz 2016","format":false,"excerpt":"Ob eine Schwangerschaft geplant und gew\u00fcnscht ist, oder sich gerade nicht zum rechten Zeitpunkt eingestellt hat, oder sogar v\u00f6llig ungeplant und unerw\u00fcnscht eingetreten ist, - sie kann in jeden Fall heftige Gef\u00fchle zwischen Akzeptanz und Ablehnung mit sich bringen. Diese sogenannte Ambivalenz ist ganz normal. Trotzdem fragt sich jede Schwangere,\u2026","rel":"","context":"\u00c4hnlicher Beitrag","img":{"alt_text":"","src":"https:\/\/i0.wp.com\/staging.bebizeit.de\/wp-content\/uploads\/2016\/03\/wunschschwangere-202x300.jpg?resize=350%2C200&ssl=1","width":350,"height":200},"classes":[]},{"id":114,"url":"https:\/\/staging.bebizeit.de\/?page_id=114","url_meta":{"origin":49,"position":5},"title":"Hebammenhilfe","date":"18. M\u00e4rz 2016","format":false,"excerpt":"Information f\u00fcr Schwangere, die eine Wochenbettbetreuung zu Hause nach der Geburt suchen: Ich biete Wochenbettbetreuungen nur in Wiesbaden- Biebrich an!\u00a0Bitte geben Sie bei Anfragen deshalb unbedingt ihre Adresse und den errechneten Entbindungstermin an. Vielen Dank! Was steht Ihnen zu? Die Hebamme ist die Fachfrau rund um die Schwangerschaft, Geburt und\u2026","rel":"","context":"\u00c4hnlicher Beitrag","img":{"alt_text":"storch","src":"https:\/\/i0.wp.com\/staging.bebizeit.de\/wp-content\/uploads\/2016\/03\/storch-290x300.jpg?resize=350%2C200&ssl=1","width":350,"height":200},"classes":[]}],"jetpack_shortlink":"https:\/\/wp.me\/P7lwlO-N","_links":{"self":[{"href":"https:\/\/staging.bebizeit.de\/index.php?rest_route=\/wp\/v2\/pages\/49"}],"collection":[{"href":"https:\/\/staging.bebizeit.de\/index.php?rest_route=\/wp\/v2\/pages"}],"about":[{"href":"https:\/\/staging.bebizeit.de\/index.php?rest_route=\/wp\/v2\/types\/page"}],"author":[{"embeddable":true,"href":"https:\/\/staging.bebizeit.de\/index.php?rest_route=\/wp\/v2\/users\/1"}],"replies":[{"embeddable":true,"href":"https:\/\/staging.bebizeit.de\/index.php?rest_route=%2Fwp%2Fv2%2Fcomments&post=49"}],"version-history":[{"count":7,"href":"https:\/\/staging.bebizeit.de\/index.php?rest_route=\/wp\/v2\/pages\/49\/revisions"}],"predecessor-version":[{"id":959,"href":"https:\/\/staging.bebizeit.de\/index.php?rest_route=\/wp\/v2\/pages\/49\/revisions\/959"}],"wp:attachment":[{"href":"https:\/\/staging.bebizeit.de\/index.php?rest_route=%2Fwp%2Fv2%2Fmedia&parent=49"}],"curies":[{"name":"wp","href":"https:\/\/api.w.org\/{rel}","templated":true}]}}