{"id":116,"date":"2016-03-18T22:43:33","date_gmt":"2016-03-18T22:43:33","guid":{"rendered":"http:\/\/bebizeit.werbeagentur-webagentur-kreativagentur.de\/?page_id=116"},"modified":"2016-04-12T10:49:21","modified_gmt":"2016-04-12T10:49:21","slug":"familienhebammen","status":"publish","type":"page","link":"https:\/\/staging.bebizeit.de\/?page_id=116","title":{"rendered":"Familienhebammen"},"content":{"rendered":"<p><img data-attachment-id=\"172\" data-permalink=\"https:\/\/staging.bebizeit.de\/?attachment_id=172\" data-orig-file=\"https:\/\/staging.bebizeit.de\/wp-content\/uploads\/2016\/03\/elefantmaus-1.jpg\" data-orig-size=\"967,1000\" data-comments-opened=\"1\" data-image-meta=\"{&quot;aperture&quot;:&quot;0&quot;,&quot;credit&quot;:&quot;&quot;,&quot;camera&quot;:&quot;&quot;,&quot;caption&quot;:&quot;&quot;,&quot;created_timestamp&quot;:&quot;0&quot;,&quot;copyright&quot;:&quot;&quot;,&quot;focal_length&quot;:&quot;0&quot;,&quot;iso&quot;:&quot;0&quot;,&quot;shutter_speed&quot;:&quot;0&quot;,&quot;title&quot;:&quot;&quot;,&quot;orientation&quot;:&quot;0&quot;}\" data-image-title=\"elefantmaus\" data-image-description=\"\" data-image-caption=\"\" data-medium-file=\"https:\/\/staging.bebizeit.de\/wp-content\/uploads\/2016\/03\/elefantmaus-1-290x300.jpg\" data-large-file=\"https:\/\/staging.bebizeit.de\/wp-content\/uploads\/2016\/03\/elefantmaus-1.jpg\" decoding=\"async\" loading=\"lazy\" class=\"alignnone wp-image-172\" src=\"https:\/\/staging.bebizeit.de\/wp-content\/uploads\/2016\/03\/elefantmaus-1-290x300.jpg\" alt=\"elefantmaus\" width=\"455\" height=\"471\" srcset=\"https:\/\/staging.bebizeit.de\/wp-content\/uploads\/2016\/03\/elefantmaus-1-290x300.jpg 290w, https:\/\/staging.bebizeit.de\/wp-content\/uploads\/2016\/03\/elefantmaus-1-768x794.jpg 768w, https:\/\/staging.bebizeit.de\/wp-content\/uploads\/2016\/03\/elefantmaus-1.jpg 967w\" sizes=\"(max-width: 455px) 100vw, 455px\" \/><\/p>\n<p>Familienhebammen sind Hebammen mit einer Zusatzqualifikation. Ihr Einsatz ist immer dann sinnvoll, wenn M\u00fctter eine verst\u00e4rkte Hilfestellung im allt\u00e4glichen Umgang mit ihren Kindern brauchen.<br \/>\nDeshalb richtet sich das Angebot besonders an Teenagerm\u00fctter, Familien mit Migrationshintergrund, Frauen\/Partner mit psychischen Belastungen oder Suchtproblematik sowie an chronisch kranke Frauen und an Frauen mit Gewalterfahrungen. Aber es gibt auch noch viele weitere Gr\u00fcnde f\u00fcr den Einsatz einer Familienhebamme.<br \/>\nDa es sich meist um Familien mit langfristigem Unterst\u00fctzungsbedarf handelt, reicht der Zeitraum f\u00fcr das Betreuungsangebot h\u00e4ufig bis zum Ende des ersten Lebensjahres des Kindes.<\/p>\n<p>Die Koordination der Familienhebammen in Wiesbaden erfolgt durch das Gesundheitsamt im Rahmen des Projekts FANKHA. Das Projekt ist ein freiwilliges, kostenfreies und vertrauliches Beratungs- und Betreuungsangebot wenn die Betreuung durch die Nachsorgehebamme abgeschlossen ist und noch viele Fragen zur gesunden Entwicklung, zur Pflege und Ern\u00e4hrung des Kindes bestehen.<\/p>\n<p>Ein Team von erfahrenen Familienkinderkrankenschwestern, Familienhebammen und \u00c4rztinnen des Gesundheitsamtes betreuen die ratsuchenden Familien, indem sie diese meist zu Hause besuchen und unterst\u00fctzen.<\/p>\n<p>Kontaktaufnahme zu den Familienhebammen \u00fcber das Gesundheitsamt:<br \/>\nTelefon: <a href=\"tel:+40611312811\">0611 \u2013 31 2811<\/a> oder <a href=\"tel:+40611312857\">0611 \u2013 31 2857<\/a><br \/>\nEmail: <a href=\"mailto:53.frankha@wiesbaden.de\">53.frankha@wiesbaden.de<\/a><br \/>\nInfoflyer:\u00a0<a href=\"http:\/\/www.wiesbaden.de\/vv\/medien\/merk\/53\/Frankha2013-web.pdf\" target=\"_blank\">PDF Download<\/a><\/p>\n","protected":false},"excerpt":{"rendered":"<p>Familienhebammen sind Hebammen mit einer Zusatzqualifikation. Ihr Einsatz ist immer dann sinnvoll, wenn M\u00fctter eine verst\u00e4rkte Hilfestellung im allt\u00e4glichen Umgang mit ihren Kindern brauchen. Deshalb richtet sich das Angebot besonders an Teenagerm\u00fctter, Familien mit Migrationshintergrund, Frauen\/Partner mit psychischen Belastungen oder Suchtproblematik sowie an chronisch kranke Frauen und an Frauen mit Gewalterfahrungen. Aber es gibt auch &hellip; <a href=\"https:\/\/staging.bebizeit.de\/?page_id=116\" class=\"more-link\"><span class=\"screen-reader-text\">Familienhebammen<\/span> weiterlesen <span class=\"meta-nav\">&rarr;<\/span><\/a><\/p>\n","protected":false},"author":1,"featured_media":0,"parent":0,"menu_order":0,"comment_status":"closed","ping_status":"closed","template":"","meta":{"jetpack_post_was_ever_published":false},"jetpack-related-posts":[{"id":114,"url":"https:\/\/staging.bebizeit.de\/?page_id=114","url_meta":{"origin":116,"position":0},"title":"Hebammenhilfe","date":"18. M\u00e4rz 2016","format":false,"excerpt":"Information f\u00fcr Schwangere, die eine Wochenbettbetreuung zu Hause nach der Geburt suchen: Ich biete Wochenbettbetreuungen nur in Wiesbaden- Biebrich an!\u00a0Bitte geben Sie bei Anfragen deshalb unbedingt ihre Adresse und den errechneten Entbindungstermin an. Vielen Dank! Was steht Ihnen zu? Die Hebamme ist die Fachfrau rund um die Schwangerschaft, Geburt und\u2026","rel":"","context":"\u00c4hnlicher Beitrag","img":{"alt_text":"storch","src":"https:\/\/i0.wp.com\/staging.bebizeit.de\/wp-content\/uploads\/2016\/03\/storch-290x300.jpg?resize=350%2C200&ssl=1","width":350,"height":200},"classes":[]},{"id":106,"url":"https:\/\/staging.bebizeit.de\/?page_id=106","url_meta":{"origin":116,"position":1},"title":"M\u00fctter","date":"18. M\u00e4rz 2016","format":false,"excerpt":"Egal wie lange eine Frau bereits Mutter ist und wie egal wie klein oder gro\u00df ihr Baby ist, es kann zu jeder Zeit dr\u00e4ngende Fragen oder Sorgen geben, die Anlass geben, nach kompetenter Hilfe zu suchen. Das alte Sprichwort: Kleine Kinder \u2013 kleine Sorgen, gro\u00dfe Kinder \u2013 gro\u00dfe Sorgen\u00a0ist dabei\u2026","rel":"","context":"\u00c4hnlicher Beitrag","img":{"alt_text":"","src":"https:\/\/i0.wp.com\/staging.bebizeit.de\/wp-content\/uploads\/2016\/03\/kaenguru_hellerbeutel_gerade-211x300.jpg?resize=350%2C200&ssl=1","width":350,"height":200},"classes":[]},{"id":102,"url":"https:\/\/staging.bebizeit.de\/?page_id=102","url_meta":{"origin":116,"position":2},"title":"Schwangere","date":"18. M\u00e4rz 2016","format":false,"excerpt":"Ob eine Schwangerschaft geplant und gew\u00fcnscht ist, oder sich gerade nicht zum rechten Zeitpunkt eingestellt hat, oder sogar v\u00f6llig ungeplant und unerw\u00fcnscht eingetreten ist, - sie kann in jeden Fall heftige Gef\u00fchle zwischen Akzeptanz und Ablehnung mit sich bringen. Diese sogenannte Ambivalenz ist ganz normal. Trotzdem fragt sich jede Schwangere,\u2026","rel":"","context":"\u00c4hnlicher Beitrag","img":{"alt_text":"","src":"https:\/\/i0.wp.com\/staging.bebizeit.de\/wp-content\/uploads\/2016\/03\/wunschschwangere-202x300.jpg?resize=350%2C200&ssl=1","width":350,"height":200},"classes":[]},{"id":94,"url":"https:\/\/staging.bebizeit.de\/?page_id=94","url_meta":{"origin":116,"position":3},"title":"Kurse","date":"18. M\u00e4rz 2016","format":false,"excerpt":"Einfach Eltern sein und \u00a0Babys verstehen\u00a0 - damit die emotionale Vorbereitung auf das Elternsein gelingt Dieser Kurs bietet die perfekte Erg\u00e4nzung zur allgemeinen Geburtsvorbereitung. Es geht darum, ein feinf\u00fchliges Verst\u00e4ndnis und einen angemessenen Umgang in emotional herausfordernden Momenten beim Start in die Babyzeit zu erlernen. Die Veranstaltungsreihe informiert Schwangere, Paare,\u2026","rel":"","context":"\u00c4hnlicher Beitrag","img":{"alt_text":"","src":"","width":0,"height":0},"classes":[]},{"id":100,"url":"https:\/\/staging.bebizeit.de\/?page_id=100","url_meta":{"origin":116,"position":4},"title":"V\u00e4ter","date":"18. M\u00e4rz 2016","format":false,"excerpt":"Elternzeit ist auch V\u00e4terzeit. Immer mehr V\u00e4tern wird bewusst, wie sch\u00f6n und wertvoll es sein kann, am Alltag ihrer neu geborenen Familie teilzuhaben. Sie nehmen Elternzeit, weil sie sich bewusst daf\u00fcr entschieden haben, weil die Partnerin es gerne so h\u00e4tte, oder einfach weil sie ganz bewusst das Angebot einer beruflichen\u2026","rel":"","context":"\u00c4hnlicher Beitrag","img":{"alt_text":"","src":"https:\/\/i0.wp.com\/staging.bebizeit.de\/wp-content\/uploads\/2016\/03\/baer-293x300.jpg?resize=350%2C200&ssl=1","width":350,"height":200},"classes":[]},{"id":281,"url":"https:\/\/staging.bebizeit.de\/?page_id=281","url_meta":{"origin":116,"position":5},"title":"Datenschutz","date":"14. April 2016","format":false,"excerpt":"Datenschutzerkl\u00e4rung: Die Betreiber dieser\u00a0Seiten nehmen den Schutz Ihrer pers\u00f6nlichen Daten sehr ernst. Wir behandeln Ihre personenbezogenen Daten vertraulich und entsprechend der gesetzlichen Datenschutzvorschriften sowie dieser\u00a0Datenschutzerkl\u00e4rung. Die Nutzung unserer Webseite ist in der Regel ohne Angabe personenbezogener Daten m\u00f6glich. Soweit auf unseren Seiten personenbezogene Daten (beispielsweise\u00a0Name, Anschrift oder E-Mail-Adressen) erhoben werden,\u2026","rel":"","context":"\u00c4hnlicher Beitrag","img":{"alt_text":"","src":"","width":0,"height":0},"classes":[]}],"jetpack_shortlink":"https:\/\/wp.me\/P7lwlO-1S","_links":{"self":[{"href":"https:\/\/staging.bebizeit.de\/index.php?rest_route=\/wp\/v2\/pages\/116"}],"collection":[{"href":"https:\/\/staging.bebizeit.de\/index.php?rest_route=\/wp\/v2\/pages"}],"about":[{"href":"https:\/\/staging.bebizeit.de\/index.php?rest_route=\/wp\/v2\/types\/page"}],"author":[{"embeddable":true,"href":"https:\/\/staging.bebizeit.de\/index.php?rest_route=\/wp\/v2\/users\/1"}],"replies":[{"embeddable":true,"href":"https:\/\/staging.bebizeit.de\/index.php?rest_route=%2Fwp%2Fv2%2Fcomments&post=116"}],"version-history":[{"count":6,"href":"https:\/\/staging.bebizeit.de\/index.php?rest_route=\/wp\/v2\/pages\/116\/revisions"}],"predecessor-version":[{"id":209,"href":"https:\/\/staging.bebizeit.de\/index.php?rest_route=\/wp\/v2\/pages\/116\/revisions\/209"}],"wp:attachment":[{"href":"https:\/\/staging.bebizeit.de\/index.php?rest_route=%2Fwp%2Fv2%2Fmedia&parent=116"}],"curies":[{"name":"wp","href":"https:\/\/api.w.org\/{rel}","templated":true}]}}