{"id":114,"date":"2016-03-18T22:43:07","date_gmt":"2016-03-18T22:43:07","guid":{"rendered":"http:\/\/bebizeit.werbeagentur-webagentur-kreativagentur.de\/?page_id=114"},"modified":"2018-01-23T10:59:26","modified_gmt":"2018-01-23T10:59:26","slug":"hebammenhilfe","status":"publish","type":"page","link":"https:\/\/staging.bebizeit.de\/?page_id=114","title":{"rendered":"Hebammenhilfe"},"content":{"rendered":"<p><img data-attachment-id=\"175\" data-permalink=\"https:\/\/staging.bebizeit.de\/?attachment_id=175\" data-orig-file=\"https:\/\/staging.bebizeit.de\/wp-content\/uploads\/2016\/03\/storch.jpg\" data-orig-size=\"967,1000\" data-comments-opened=\"1\" data-image-meta=\"{&quot;aperture&quot;:&quot;0&quot;,&quot;credit&quot;:&quot;&quot;,&quot;camera&quot;:&quot;&quot;,&quot;caption&quot;:&quot;&quot;,&quot;created_timestamp&quot;:&quot;0&quot;,&quot;copyright&quot;:&quot;&quot;,&quot;focal_length&quot;:&quot;0&quot;,&quot;iso&quot;:&quot;0&quot;,&quot;shutter_speed&quot;:&quot;0&quot;,&quot;title&quot;:&quot;&quot;,&quot;orientation&quot;:&quot;0&quot;}\" data-image-title=\"storch\" data-image-description=\"\" data-image-caption=\"\" data-medium-file=\"https:\/\/staging.bebizeit.de\/wp-content\/uploads\/2016\/03\/storch-290x300.jpg\" data-large-file=\"https:\/\/staging.bebizeit.de\/wp-content\/uploads\/2016\/03\/storch.jpg\" decoding=\"async\" loading=\"lazy\" class=\"alignnone wp-image-175\" src=\"https:\/\/staging.bebizeit.de\/wp-content\/uploads\/2016\/03\/storch-290x300.jpg\" alt=\"storch\" width=\"451\" height=\"467\" srcset=\"https:\/\/staging.bebizeit.de\/wp-content\/uploads\/2016\/03\/storch-290x300.jpg 290w, https:\/\/staging.bebizeit.de\/wp-content\/uploads\/2016\/03\/storch-768x794.jpg 768w, https:\/\/staging.bebizeit.de\/wp-content\/uploads\/2016\/03\/storch.jpg 967w\" sizes=\"(max-width: 451px) 100vw, 451px\" \/><\/p>\n<h5>Information f\u00fcr Schwangere, die eine Wochenbettbetreuung zu Hause nach der Geburt suchen: Ich biete Wochenbettbetreuungen nur in Wiesbaden- Biebrich an!\u00a0Bitte geben Sie bei Anfragen deshalb unbedingt ihre Adresse und den errechneten Entbindungstermin an. Vielen Dank!<\/h5>\n<h2>Was steht Ihnen zu?<\/h2>\n<p>Die Hebamme ist die Fachfrau rund um die Schwangerschaft, Geburt und die Zeit danach. Sie arbeitet auf der Grundlage des Hebammen-Gesetzes (HebG vom 4. Juni 1985), der Berufsordnungen der L\u00e4nder und den Mutterschaftsrichtlinien.<\/p>\n<h2>Beratung und Information<\/h2>\n<p>Zu jedem Zeitpunkt Ihrer Schwangerschaft k\u00f6nnen Sie mit der Hebamme Ihrer Wahl in Verbindung treten und sie um Rat fragen. Sie wird Sie zu allen Fragen der Schwangerschaft, Geburt, des Wochenbetts und der Zeit danach beraten.<\/p>\n<ul>\n<li>Ern\u00e4hrung und Lebensweise in der Schwangerschaft<\/li>\n<li>Partnerschaft und Sexualit\u00e4t<\/li>\n<li>Vorbereitung auf das Kind<\/li>\n<li>M\u00f6glichkeiten der Geburtsvorbereitung<\/li>\n<li>Sozialen Hilfen in der Schwangerschaft und nach der Geburt.<\/li>\n<\/ul>\n<h2>Betreuung<\/h2>\n<p>Ihre Hebamme ist eine wichtige Kontaktperson w\u00e4hrend Ihrer Schwangerschaft und betreut Sie rundherum vom Beginn ihrer Schwangerschaft bis zum Ende der Stillzeit. Dabei ist Hebammenbetreuung unabh\u00e4ngig von \u00e4rztlicher Betreuung.<\/p>\n<h2>Schwangerenvorsorge<\/h2>\n<p>Hebammen f\u00fchren auch Mutterschaftsvorsorge- Untersuchungen durch. Diese Untersuchungen werden im Mutterpass dokumentiert, z.B. Fragen nach Ihrer Befindlichkeit, allgemeine Beratung, Gewichts- und Blutdruckmessungen, Urin- und Blutuntersuchungen, Feststellen der Lage und Gr\u00f6\u00dfe Ihres Kindes, Kontrolle der Herzt\u00f6ne Ihres Kindes.<br \/>\nHilfe bei Schwangerschaftsbeschwerden und Vorwehen<br \/>\nBei Schwangerschaftsbeschwerden und Vorwehen hilft Ihnen Ihre Hebamme auch bei Ihnen Zuhause. Schwangerschaftsbeschwerden k\u00f6nnen sich in vielf\u00e4ltiger Art \u00e4u\u00dfern, wie z.B. Unwohlsein und Schmerzen, \u00c4ngste und N\u00f6te, die mit der Schwangerschaft zusammenh\u00e4ngen. Auch der Verdacht auf vorzeitige Wehen, Blasensprung oder Geburtsbeginn sind Gr\u00fcnde f\u00fcr Hebammenhilfe. Bei vorzeitigen Wehen oder schwangerschaftsspezifischen Erkrankungen (Gestose) betreut Sie Ihre Hebamme in Zusammenarbeit mit Ihrem betreuenden Arzt.<\/p>\n<h2>Geburtsvorbereitung<\/h2>\n<p>Zur Vorbereitung auf die Geburt k\u00f6nnen Sie zwischen verschiedenen Kursformen w\u00e4hlen, allein oder gemeinsam mit Ihrem Partner. (Die Partnergeb\u00fchr wird von den Krankenkassen nicht \u00fcbernommen.) In diesen Kursen werden Sie informiert \u00fcber k\u00f6rperliche und psychische Ver\u00e4nderungen, Sie werden auf die Geburt und die Zeit danach vorbereitet. Sie lernen Atem- und Entspannungs\u00fcbungen zur Geburtserleichterung. K\u00f6rper\u00fcbungen st\u00e4rken die K\u00f6rperwahrnehmung und Ihre Mobilit\u00e4t. Gespr\u00e4che rund um die Schwangerschaft, Geburt und das Wochenbett geh\u00f6ren zu den Kursinhalten. Nebenbei lernen Sie andere Frauen \/ Paare kennen, die auch ein Kind erwarten.<br \/>\nSie sollten sich fr\u00fchzeitig ab der 12. Woche zu einem Kurs anmelden. Informieren Sie sich deshalb rechtzeitig \u00fcber die M\u00f6glichkeiten in Ihrer Umgebung.<\/p>\n<h2>Geburt<\/h2>\n<p>Hebammen begleiten Geburten im Krankenhaus, im Geburtshaus und Zuhause. Manche Kliniken bieten die M\u00f6glichkeit der Begleitung durch eine Beleghebamme Ihrer Wahl an. Bei einer ambulanten Geburt k\u00f6nnen Sie wenige Stunden nach der Geburt wieder nach Hause gehen. Die Hebamme betreut sie dann dort weiter. Wenn Sie sich f\u00fcr Hebammenhilfe interessieren, sollten Sie sich schon fr\u00fchzeitig in der Schwangerschaft bei einer Hebamme melden.<\/p>\n<h2>Wochenbett<\/h2>\n<p>Die Hebamme steht Ihnen in den ersten Wochen w\u00e4hrend der gro\u00dfen k\u00f6rperlichen und seelischen Ver\u00e4nderungen nach der Geburt zur Seite. Sie spricht mit Ihnen \u00fcber die Geburt und die ersten Erfahrungen mit dem Kind. Neben der Kl\u00e4rung medizinischer Fragen geht es in den ersten Lebenstagen vor allem darum, dass Mutter und Kind eine gute Beziehung zueinander aufbauen (Bonding). Der psychosoziale Aspekt spielt eine wesentliche Rolle. Die Hebamme beobachtet au\u00dferdem die R\u00fcckbildungs- und Abheilungsvorg\u00e4nge, unterst\u00fctzt das Stillen und gibt Hilfestellung bei Schwierigkeiten.<br \/>\nBeim Neugeborenen beobachtet die Hebamme das Verhalten und die k\u00f6rperlichen Vorg\u00e4nge, die Abheilung des Nabels und insbesondere auch die Entwicklung einer evtl. Neugeborenengelbsucht. Falls n\u00f6tig unterst\u00fctzt sie die Eltern, positiv auf die Entwicklung des Kindes einzuwirken. Sie leitet die Eltern in praktischer Babypflege an und gibt Hilfestellung beim Handling, erkl\u00e4rt die Prophylaxen und Vorsorgeuntersuchungen, informiert bei Bedarf \u00fcber die Flaschenern\u00e4hrung und ber\u00e4t \u00fcber die Verh\u00fctung nach der Geburt.<br \/>\nBis zum 10. Tag nach der Geburt haben Sie Anspruch auf mindestens einen t\u00e4glichen Besuch durch die Hebamme. Bis Ihr Kind 12 Wochen alt ist, k\u00f6nnen Sie dar\u00fcber hinaus 16-mal die Hebamme um Rat und Hilfe bitten. Bei Stillschwierigkeiten oder Ern\u00e4hrungsproblemen k\u00f6nnen Sie anschlie\u00dfend noch achtmal Kontakt zu Ihrer Hebamme aufnehmen. Weitere Besuche sind auf Verordnung eines Arztes m\u00f6glich.<br \/>\nHebammen bieten au\u00dferdem Kurse in R\u00fcckbildungsgymnastik, aufbauender Beckenbodengymnastik, nat\u00fcrlicher Familienplanung und Babymassage an.<\/p>\n<h2>Betreuung in besonderen Lebenssituationen<\/h2>\n<p>Vielleicht befinden Sie sich in einer Krise vor oder auch nach der Geburt. Scheuen Sie sich nicht, Ihre Hebamme anzusprechen, sie unterliegt der \u00e4rztlichen Schweigepflicht. Sie unterst\u00fctzt Sie und nennt Ihnen bei Bedarf Beratungsstellen, Selbsthilfegruppen, \u00c4rzte und Psychologen, an die Sie sich wenden k\u00f6nnen.<br \/>\nWenn ein Kind krank oder tot geboren wird oder nach Geburt stirbt, brauchen Eltern besondere Beratung und Begleitung. Hebammenhilfe steht ihnen auch zu, wenn es zu einem medizinischen Schwangerschaftsabbruch kommt. In diesem Fall kann es hilfreich sein, schon vor dem Eingriff eine Hebamme kennen zu lernen, um zu besprechen, was auf sie zukommen kann.<\/p>\n<h2>Familienhebammen<\/h2>\n<p>Familienhebammen sind Hebammen mit einer Zusatzqualifikation. Ihr Einsatz ist \u00fcberall da sinnvoll, wo M\u00fctter eine verst\u00e4rkte Hilfestellung im allt\u00e4glichen Umgang mit ihren Kindern brauchen.<br \/>\nDeshalb richtet sich das Angebot besonders an Teenagerm\u00fctter, Familien mit Migrationshintergrund, Frauen\/Partner mit psychischen Belastungen oder Suchtproblematik sowie an chronisch kranke Frauen und an Frauen mit Gewalterfahrungen. Das Betreuungsangebot reicht bis zum Ende des ersten Lebensjahres der Kinder.<\/p>\n<h2>Was Sie als Schwangere wissen sollten<\/h2>\n<p>Hebammenhilfe kann von jeder Frau in Anspruch genommen werden. Die meisten Leistungen werden von den Krankenkassen getragen. Wenn Sie eine Hausgeburt planen, sollten Sie sich so fr\u00fch wie m\u00f6glich mit einer Hausgeburtshebamme in Verbindung setzen.<br \/>\nEinzelne Krankenkassen erstatten ganz oder teilweise auch zus\u00e4tzliche Hebammenleistungen, z.B. Rufbereitschaftspauschale, Kinderwunschberatung, PEKiP-Kurse und Geburtsvorbereitungskurse f\u00fcr den Lebenspartner. Bitte erkundigen Sie sich bei Ihrer Krankenkasse.<br \/>\nSind Sie privat versichert, sollten Sie sich mit Ihrer Krankenkasse in Verbindung setzen, um zu kl\u00e4ren, welche Leistungen \u00fcbernommen werden.<\/p>\n","protected":false},"excerpt":{"rendered":"<p>Information f\u00fcr Schwangere, die eine Wochenbettbetreuung zu Hause nach der Geburt suchen: Ich biete Wochenbettbetreuungen nur in Wiesbaden- Biebrich an!\u00a0Bitte geben Sie bei Anfragen deshalb unbedingt ihre Adresse und den errechneten Entbindungstermin an. Vielen Dank! Was steht Ihnen zu? Die Hebamme ist die Fachfrau rund um die Schwangerschaft, Geburt und die Zeit danach. Sie arbeitet &hellip; <a href=\"https:\/\/staging.bebizeit.de\/?page_id=114\" class=\"more-link\"><span class=\"screen-reader-text\">Hebammenhilfe<\/span> weiterlesen <span class=\"meta-nav\">&rarr;<\/span><\/a><\/p>\n","protected":false},"author":1,"featured_media":0,"parent":0,"menu_order":0,"comment_status":"closed","ping_status":"closed","template":"","meta":{"jetpack_post_was_ever_published":false},"jetpack-related-posts":[{"id":112,"url":"https:\/\/staging.bebizeit.de\/?page_id=112","url_meta":{"origin":114,"position":0},"title":"Hilfsangebot","date":"18. M\u00e4rz 2016","format":false,"excerpt":"Rund um die Bebizeit gibt es unterschiedliche Hilfs- und Beratungsangebote. Sie unterscheiden sich durch den spezifischen Zeitpunkt, die unterschiedliche Zeitdauer und nach den ganz besonderen, pers\u00f6nlichen Themenschwerpunkten, zu denen Hilfe angefragt werden kann. 1. Individuelle psychologische Beratung zur Krisenintervention und oft als Kurzzeitbehandlung f\u00fcr Babys\u00a0, die viel schreien, schlecht schlafen\u2026","rel":"","context":"\u00c4hnlicher Beitrag","img":{"alt_text":"","src":"","width":0,"height":0},"classes":[]},{"id":98,"url":"https:\/\/staging.bebizeit.de\/?page_id=98","url_meta":{"origin":114,"position":1},"title":"Wunschkind","date":"18. M\u00e4rz 2016","format":false,"excerpt":"Nicht f\u00fcr alle Paare ist es selbstverst\u00e4ndlich selbstbestimmt in die Familienplanung zu starten und sich dem Lauf der Natur hinzugeben. Ganz im Gegenteil: sie haben gro\u00dfe Anstrengungen auf sich genommen, nach Plan gelebt und geliebt und auch medizinische Hilfe in Anspruch genommen. Doch nun ist es endlich soweit, das Wunschkind\u2026","rel":"","context":"\u00c4hnlicher Beitrag","img":{"alt_text":"schwalben","src":"https:\/\/i0.wp.com\/staging.bebizeit.de\/wp-content\/uploads\/2016\/03\/schwalben-290x300.jpg?resize=350%2C200&ssl=1","width":350,"height":200},"classes":[]},{"id":106,"url":"https:\/\/staging.bebizeit.de\/?page_id=106","url_meta":{"origin":114,"position":2},"title":"M\u00fctter","date":"18. M\u00e4rz 2016","format":false,"excerpt":"Egal wie lange eine Frau bereits Mutter ist und wie egal wie klein oder gro\u00df ihr Baby ist, es kann zu jeder Zeit dr\u00e4ngende Fragen oder Sorgen geben, die Anlass geben, nach kompetenter Hilfe zu suchen. Das alte Sprichwort: Kleine Kinder \u2013 kleine Sorgen, gro\u00dfe Kinder \u2013 gro\u00dfe Sorgen\u00a0ist dabei\u2026","rel":"","context":"\u00c4hnlicher Beitrag","img":{"alt_text":"","src":"https:\/\/i0.wp.com\/staging.bebizeit.de\/wp-content\/uploads\/2016\/03\/kaenguru_hellerbeutel_gerade-211x300.jpg?resize=350%2C200&ssl=1","width":350,"height":200},"classes":[]},{"id":102,"url":"https:\/\/staging.bebizeit.de\/?page_id=102","url_meta":{"origin":114,"position":3},"title":"Schwangere","date":"18. M\u00e4rz 2016","format":false,"excerpt":"Ob eine Schwangerschaft geplant und gew\u00fcnscht ist, oder sich gerade nicht zum rechten Zeitpunkt eingestellt hat, oder sogar v\u00f6llig ungeplant und unerw\u00fcnscht eingetreten ist, - sie kann in jeden Fall heftige Gef\u00fchle zwischen Akzeptanz und Ablehnung mit sich bringen. Diese sogenannte Ambivalenz ist ganz normal. Trotzdem fragt sich jede Schwangere,\u2026","rel":"","context":"\u00c4hnlicher Beitrag","img":{"alt_text":"","src":"https:\/\/i0.wp.com\/staging.bebizeit.de\/wp-content\/uploads\/2016\/03\/wunschschwangere-202x300.jpg?resize=350%2C200&ssl=1","width":350,"height":200},"classes":[]},{"id":94,"url":"https:\/\/staging.bebizeit.de\/?page_id=94","url_meta":{"origin":114,"position":4},"title":"Kurse","date":"18. M\u00e4rz 2016","format":false,"excerpt":"Einfach Eltern sein und \u00a0Babys verstehen\u00a0 - damit die emotionale Vorbereitung auf das Elternsein gelingt Dieser Kurs bietet die perfekte Erg\u00e4nzung zur allgemeinen Geburtsvorbereitung. Es geht darum, ein feinf\u00fchliges Verst\u00e4ndnis und einen angemessenen Umgang in emotional herausfordernden Momenten beim Start in die Babyzeit zu erlernen. Die Veranstaltungsreihe informiert Schwangere, Paare,\u2026","rel":"","context":"\u00c4hnlicher Beitrag","img":{"alt_text":"","src":"","width":0,"height":0},"classes":[]},{"id":281,"url":"https:\/\/staging.bebizeit.de\/?page_id=281","url_meta":{"origin":114,"position":5},"title":"Datenschutz","date":"14. April 2016","format":false,"excerpt":"Datenschutzerkl\u00e4rung: Die Betreiber dieser\u00a0Seiten nehmen den Schutz Ihrer pers\u00f6nlichen Daten sehr ernst. Wir behandeln Ihre personenbezogenen Daten vertraulich und entsprechend der gesetzlichen Datenschutzvorschriften sowie dieser\u00a0Datenschutzerkl\u00e4rung. Die Nutzung unserer Webseite ist in der Regel ohne Angabe personenbezogener Daten m\u00f6glich. Soweit auf unseren Seiten personenbezogene Daten (beispielsweise\u00a0Name, Anschrift oder E-Mail-Adressen) erhoben werden,\u2026","rel":"","context":"\u00c4hnlicher Beitrag","img":{"alt_text":"","src":"","width":0,"height":0},"classes":[]}],"jetpack_shortlink":"https:\/\/wp.me\/P7lwlO-1Q","_links":{"self":[{"href":"https:\/\/staging.bebizeit.de\/index.php?rest_route=\/wp\/v2\/pages\/114"}],"collection":[{"href":"https:\/\/staging.bebizeit.de\/index.php?rest_route=\/wp\/v2\/pages"}],"about":[{"href":"https:\/\/staging.bebizeit.de\/index.php?rest_route=\/wp\/v2\/types\/page"}],"author":[{"embeddable":true,"href":"https:\/\/staging.bebizeit.de\/index.php?rest_route=\/wp\/v2\/users\/1"}],"replies":[{"embeddable":true,"href":"https:\/\/staging.bebizeit.de\/index.php?rest_route=%2Fwp%2Fv2%2Fcomments&post=114"}],"version-history":[{"count":13,"href":"https:\/\/staging.bebizeit.de\/index.php?rest_route=\/wp\/v2\/pages\/114\/revisions"}],"predecessor-version":[{"id":596,"href":"https:\/\/staging.bebizeit.de\/index.php?rest_route=\/wp\/v2\/pages\/114\/revisions\/596"}],"wp:attachment":[{"href":"https:\/\/staging.bebizeit.de\/index.php?rest_route=%2Fwp%2Fv2%2Fmedia&parent=114"}],"curies":[{"name":"wp","href":"https:\/\/api.w.org\/{rel}","templated":true}]}}