{"id":112,"date":"2016-03-18T22:42:27","date_gmt":"2016-03-18T22:42:27","guid":{"rendered":"http:\/\/bebizeit.werbeagentur-webagentur-kreativagentur.de\/?page_id=112"},"modified":"2021-04-26T12:43:34","modified_gmt":"2021-04-26T10:43:34","slug":"hilfsangebot","status":"publish","type":"page","link":"https:\/\/staging.bebizeit.de\/?page_id=112","title":{"rendered":"Hilfsangebot"},"content":{"rendered":"<p>Rund um die Bebizeit gibt es unterschiedliche Hilfs- und Beratungsangebote. Sie unterscheiden sich durch den spezifischen Zeitpunkt, die unterschiedliche Zeitdauer und nach den ganz besonderen, pers\u00f6nlichen Themenschwerpunkten, zu denen Hilfe angefragt werden kann.<\/p>\n<h2><span style=\"color: #a7063a;\">1. Individuelle psychologische Beratung<\/span><\/h2>\n<p>zur Krisenintervention und oft als Kurzzeitbehandlung f\u00fcr<\/p>\n<ul>\n<li><a href=\"https:\/\/staging.bebizeit.de\/baby\/\"><span style=\"color: #a7063a;\"><strong>Babys<\/strong><\/span><\/a>\u00a0, die viel schreien, schlecht schlafen und\/oder es Stillprobleme bzw. F\u00fctterprobleme gibt<\/li>\n<li><a href=\"https:\/\/staging.bebizeit.de\/schwangere\/\"><span style=\"color: #a7063a;\"><strong>Schwangere<\/strong><\/span><\/a>\u00a0mit besonderen Belastungen, Sorgen, \u00c4ngsten oder vorzeitigen Wehen<\/li>\n<li><a href=\"https:\/\/staging.bebizeit.de\/muetter\/\"><span style=\"color: #a7063a;\"><strong>M\u00fctter<\/strong><\/span>\u00a0<\/a>mit Sorgen \u00fcber ihre eigenen Gef\u00fchle, unklaren Empfindungen in Bezug auf ihre Mutterschaft,<br \/>\noder sich Gedanken um das Wohl ihres Kindes machen<\/li>\n<li><a href=\"https:\/\/staging.bebizeit.de\/vaeter\/\"><span style=\"color: #a7063a;\"><strong>V\u00e4ter<\/strong><\/span>\u00a0<\/a>mit Sorgen um ihr Kind, die Partnerin oder sich selbst<\/li>\n<li><a href=\"https:\/\/staging.bebizeit.de\/wunschkind\/\"><span style=\"color: #a7063a;\"><strong>Wunschkind<\/strong><\/span>\u00a0<\/a>endlich schwanger! und rund um neue Herausforderungen<\/li>\n<\/ul>\n<h2><span style=\"color: #993300;\">2. Hebammenbetreuung<\/span><\/h2>\n<p>Zu jedem Zeitpunkt Ihrer Schwangerschaft k\u00f6nnen Sie mit der Hebamme Ihrer Wahl in Verbindung treten und sie um Rat fragen. Sie wird Sie zu allen Fragen der Schwangerschaft, Geburt, des Wochenbetts und der Zeit danach beraten.<\/p>\n<p>Die Kosten f\u00fcr diese Betreuung werden von Ihrer Krankenkasse \u00fcbernommen.<\/p>\n","protected":false},"excerpt":{"rendered":"<p>Rund um die Bebizeit gibt es unterschiedliche Hilfs- und Beratungsangebote. Sie unterscheiden sich durch den spezifischen Zeitpunkt, die unterschiedliche Zeitdauer und nach den ganz besonderen, pers\u00f6nlichen Themenschwerpunkten, zu denen Hilfe angefragt werden kann. 1. Individuelle psychologische Beratung zur Krisenintervention und oft als Kurzzeitbehandlung f\u00fcr Babys\u00a0, die viel schreien, schlecht schlafen und\/oder es Stillprobleme bzw. F\u00fctterprobleme &hellip; <a href=\"https:\/\/staging.bebizeit.de\/?page_id=112\" class=\"more-link\"><span class=\"screen-reader-text\">Hilfsangebot<\/span> weiterlesen <span class=\"meta-nav\">&rarr;<\/span><\/a><\/p>\n","protected":false},"author":1,"featured_media":0,"parent":0,"menu_order":0,"comment_status":"closed","ping_status":"closed","template":"","meta":{"jetpack_post_was_ever_published":false},"jetpack-related-posts":[{"id":106,"url":"https:\/\/staging.bebizeit.de\/?page_id=106","url_meta":{"origin":112,"position":0},"title":"M\u00fctter","date":"18. M\u00e4rz 2016","format":false,"excerpt":"Egal wie lange eine Frau bereits Mutter ist und wie egal wie klein oder gro\u00df ihr Baby ist, es kann zu jeder Zeit dr\u00e4ngende Fragen oder Sorgen geben, die Anlass geben, nach kompetenter Hilfe zu suchen. Das alte Sprichwort: Kleine Kinder \u2013 kleine Sorgen, gro\u00dfe Kinder \u2013 gro\u00dfe Sorgen\u00a0ist dabei\u2026","rel":"","context":"\u00c4hnlicher Beitrag","img":{"alt_text":"","src":"https:\/\/i0.wp.com\/staging.bebizeit.de\/wp-content\/uploads\/2016\/03\/kaenguru_hellerbeutel_gerade-211x300.jpg?resize=350%2C200&ssl=1","width":350,"height":200},"classes":[]},{"id":102,"url":"https:\/\/staging.bebizeit.de\/?page_id=102","url_meta":{"origin":112,"position":1},"title":"Schwangere","date":"18. M\u00e4rz 2016","format":false,"excerpt":"Ob eine Schwangerschaft geplant und gew\u00fcnscht ist, oder sich gerade nicht zum rechten Zeitpunkt eingestellt hat, oder sogar v\u00f6llig ungeplant und unerw\u00fcnscht eingetreten ist, - sie kann in jeden Fall heftige Gef\u00fchle zwischen Akzeptanz und Ablehnung mit sich bringen. Diese sogenannte Ambivalenz ist ganz normal. Trotzdem fragt sich jede Schwangere,\u2026","rel":"","context":"\u00c4hnlicher Beitrag","img":{"alt_text":"","src":"https:\/\/i0.wp.com\/staging.bebizeit.de\/wp-content\/uploads\/2016\/03\/wunschschwangere-202x300.jpg?resize=350%2C200&ssl=1","width":350,"height":200},"classes":[]},{"id":114,"url":"https:\/\/staging.bebizeit.de\/?page_id=114","url_meta":{"origin":112,"position":2},"title":"Hebammenhilfe","date":"18. M\u00e4rz 2016","format":false,"excerpt":"Information f\u00fcr Schwangere, die eine Wochenbettbetreuung zu Hause nach der Geburt suchen: Ich biete Wochenbettbetreuungen nur in Wiesbaden- Biebrich an!\u00a0Bitte geben Sie bei Anfragen deshalb unbedingt ihre Adresse und den errechneten Entbindungstermin an. Vielen Dank! Was steht Ihnen zu? Die Hebamme ist die Fachfrau rund um die Schwangerschaft, Geburt und\u2026","rel":"","context":"\u00c4hnlicher Beitrag","img":{"alt_text":"storch","src":"https:\/\/i0.wp.com\/staging.bebizeit.de\/wp-content\/uploads\/2016\/03\/storch-290x300.jpg?resize=350%2C200&ssl=1","width":350,"height":200},"classes":[]},{"id":100,"url":"https:\/\/staging.bebizeit.de\/?page_id=100","url_meta":{"origin":112,"position":3},"title":"V\u00e4ter","date":"18. M\u00e4rz 2016","format":false,"excerpt":"Elternzeit ist auch V\u00e4terzeit. Immer mehr V\u00e4tern wird bewusst, wie sch\u00f6n und wertvoll es sein kann, am Alltag ihrer neu geborenen Familie teilzuhaben. Sie nehmen Elternzeit, weil sie sich bewusst daf\u00fcr entschieden haben, weil die Partnerin es gerne so h\u00e4tte, oder einfach weil sie ganz bewusst das Angebot einer beruflichen\u2026","rel":"","context":"\u00c4hnlicher Beitrag","img":{"alt_text":"","src":"https:\/\/i0.wp.com\/staging.bebizeit.de\/wp-content\/uploads\/2016\/03\/baer-293x300.jpg?resize=350%2C200&ssl=1","width":350,"height":200},"classes":[]},{"id":94,"url":"https:\/\/staging.bebizeit.de\/?page_id=94","url_meta":{"origin":112,"position":4},"title":"Kurse","date":"18. M\u00e4rz 2016","format":false,"excerpt":"Einfach Eltern sein und \u00a0Babys verstehen\u00a0 - damit die emotionale Vorbereitung auf das Elternsein gelingt Dieser Kurs bietet die perfekte Erg\u00e4nzung zur allgemeinen Geburtsvorbereitung. Es geht darum, ein feinf\u00fchliges Verst\u00e4ndnis und einen angemessenen Umgang in emotional herausfordernden Momenten beim Start in die Babyzeit zu erlernen. Die Veranstaltungsreihe informiert Schwangere, Paare,\u2026","rel":"","context":"\u00c4hnlicher Beitrag","img":{"alt_text":"","src":"","width":0,"height":0},"classes":[]},{"id":49,"url":"https:\/\/staging.bebizeit.de\/?page_id=49","url_meta":{"origin":112,"position":5},"title":"Baby","date":"18. M\u00e4rz 2016","format":false,"excerpt":"Habe ich ein Schreibaby? Diese Frage stellen sich viele besorgte Eltern, deren Baby viel weint. Dabei ist es gar nicht wichtig, ob ein Kind die offiziellen Wessel - Kriterien dazu erf\u00fcllt. Einzig und allein entscheidend ist, ob sich die Eltern durch das Schreien ihres Kindes in ihrer Beziehung zum Kind\u2026","rel":"","context":"\u00c4hnlicher Beitrag","img":{"alt_text":"mutterkindrehe","src":"https:\/\/i0.wp.com\/staging.bebizeit.de\/wp-content\/uploads\/2016\/03\/mutterkindrehe-300x158.jpg?resize=350%2C200&ssl=1","width":350,"height":200},"classes":[]}],"jetpack_shortlink":"https:\/\/wp.me\/P7lwlO-1O","_links":{"self":[{"href":"https:\/\/staging.bebizeit.de\/index.php?rest_route=\/wp\/v2\/pages\/112"}],"collection":[{"href":"https:\/\/staging.bebizeit.de\/index.php?rest_route=\/wp\/v2\/pages"}],"about":[{"href":"https:\/\/staging.bebizeit.de\/index.php?rest_route=\/wp\/v2\/types\/page"}],"author":[{"embeddable":true,"href":"https:\/\/staging.bebizeit.de\/index.php?rest_route=\/wp\/v2\/users\/1"}],"replies":[{"embeddable":true,"href":"https:\/\/staging.bebizeit.de\/index.php?rest_route=%2Fwp%2Fv2%2Fcomments&post=112"}],"version-history":[{"count":25,"href":"https:\/\/staging.bebizeit.de\/index.php?rest_route=\/wp\/v2\/pages\/112\/revisions"}],"predecessor-version":[{"id":9346,"href":"https:\/\/staging.bebizeit.de\/index.php?rest_route=\/wp\/v2\/pages\/112\/revisions\/9346"}],"wp:attachment":[{"href":"https:\/\/staging.bebizeit.de\/index.php?rest_route=%2Fwp%2Fv2%2Fmedia&parent=112"}],"curies":[{"name":"wp","href":"https:\/\/api.w.org\/{rel}","templated":true}]}}