{"id":108,"date":"2016-03-18T22:40:05","date_gmt":"2016-03-18T22:40:05","guid":{"rendered":"http:\/\/bebizeit.werbeagentur-webagentur-kreativagentur.de\/?page_id=108"},"modified":"2021-06-02T18:51:29","modified_gmt":"2021-06-02T16:51:29","slug":"kontakt","status":"publish","type":"page","link":"https:\/\/staging.bebizeit.de\/?page_id=108","title":{"rendered":"Kontakt"},"content":{"rendered":"<p><img data-attachment-id=\"611\" data-permalink=\"https:\/\/staging.bebizeit.de\/?attachment_id=611\" data-orig-file=\"https:\/\/staging.bebizeit.de\/wp-content\/uploads\/2018\/02\/logoplus-1.jpg\" data-orig-size=\"1200,668\" data-comments-opened=\"1\" data-image-meta=\"{&quot;aperture&quot;:&quot;0&quot;,&quot;credit&quot;:&quot;&quot;,&quot;camera&quot;:&quot;&quot;,&quot;caption&quot;:&quot;&quot;,&quot;created_timestamp&quot;:&quot;0&quot;,&quot;copyright&quot;:&quot;&quot;,&quot;focal_length&quot;:&quot;0&quot;,&quot;iso&quot;:&quot;0&quot;,&quot;shutter_speed&quot;:&quot;0&quot;,&quot;title&quot;:&quot;&quot;,&quot;orientation&quot;:&quot;0&quot;}\" data-image-title=\"logoplus\" data-image-description=\"\" data-image-caption=\"\" data-medium-file=\"https:\/\/staging.bebizeit.de\/wp-content\/uploads\/2018\/02\/logoplus-1-300x167.jpg\" data-large-file=\"https:\/\/staging.bebizeit.de\/wp-content\/uploads\/2018\/02\/logoplus-1-1024x570.jpg\" decoding=\"async\" loading=\"lazy\" class=\"wp-image-611 alignleft\" src=\"https:\/\/staging.bebizeit.de\/wp-content\/uploads\/2018\/02\/logoplus-1-300x167.jpg\" width=\"183\" height=\"102\" srcset=\"https:\/\/staging.bebizeit.de\/wp-content\/uploads\/2018\/02\/logoplus-1-300x167.jpg 300w, https:\/\/staging.bebizeit.de\/wp-content\/uploads\/2018\/02\/logoplus-1-768x428.jpg 768w, https:\/\/staging.bebizeit.de\/wp-content\/uploads\/2018\/02\/logoplus-1-1024x570.jpg 1024w, https:\/\/staging.bebizeit.de\/wp-content\/uploads\/2018\/02\/logoplus-1-672x372.jpg 672w, https:\/\/staging.bebizeit.de\/wp-content\/uploads\/2018\/02\/logoplus-1-1038x576.jpg 1038w, https:\/\/staging.bebizeit.de\/wp-content\/uploads\/2018\/02\/logoplus-1.jpg 1200w\" sizes=\"(max-width: 183px) 100vw, 183px\" \/>Adolf-Todt-Stra\u00dfe 20<br \/>\n65203 Wiesbaden<br \/>\nTel: 0160\u2009-7008800<br \/>\n<a href=\"mailto:funk@staging.bebizeit.de\">funk@staging.bebizeit.de<\/a><br \/>\n<a href=\"https:\/\/staging.bebizeit.de\">www.bebizeit.de<\/a><\/p>\n<h2>Schreiben Sie mir:<\/h2>\n<div role=\"form\" class=\"wpcf7\" id=\"wpcf7-f9478-o1\" lang=\"de-DE\" dir=\"ltr\">\n<div class=\"screen-reader-response\"><p role=\"status\" aria-live=\"polite\" aria-atomic=\"true\"><\/p> <ul><\/ul><\/div>\n<form action=\"\/index.php?rest_route=%2Fwp%2Fv2%2Fpages%2F108#wpcf7-f9478-o1\" method=\"post\" class=\"wpcf7-form init\" novalidate=\"novalidate\" data-status=\"init\">\n<div style=\"display: none;\">\n<input type=\"hidden\" name=\"_wpcf7\" value=\"9478\" \/>\n<input type=\"hidden\" name=\"_wpcf7_version\" value=\"5.6.4\" \/>\n<input type=\"hidden\" name=\"_wpcf7_locale\" value=\"de_DE\" \/>\n<input type=\"hidden\" name=\"_wpcf7_unit_tag\" value=\"wpcf7-f9478-o1\" \/>\n<input type=\"hidden\" name=\"_wpcf7_container_post\" value=\"0\" \/>\n<input type=\"hidden\" name=\"_wpcf7_posted_data_hash\" value=\"\" \/>\n<\/div>\n<p><label> Name<br \/>\n    <span class=\"wpcf7-form-control-wrap\" data-name=\"your-name\"><input type=\"text\" name=\"your-name\" value=\"\" size=\"40\" class=\"wpcf7-form-control wpcf7-text wpcf7-validates-as-required\" aria-required=\"true\" aria-invalid=\"false\" \/><\/span> <\/label><\/p>\n<p><label> E-Mail<br \/>\n    <span class=\"wpcf7-form-control-wrap\" data-name=\"your-email\"><input type=\"email\" name=\"your-email\" value=\"\" size=\"40\" class=\"wpcf7-form-control wpcf7-text wpcf7-email wpcf7-validates-as-required wpcf7-validates-as-email\" aria-required=\"true\" aria-invalid=\"false\" \/><\/span> <\/label><\/p>\n<p><label> Betreff<br \/>\n    <span class=\"wpcf7-form-control-wrap\" data-name=\"your-subject\"><input type=\"text\" name=\"your-subject\" value=\"\" size=\"40\" class=\"wpcf7-form-control wpcf7-text wpcf7-validates-as-required\" aria-required=\"true\" aria-invalid=\"false\" \/><\/span> <\/label><\/p>\n<p><label> Nachricht<br \/>\n    <span class=\"wpcf7-form-control-wrap\" data-name=\"your-message\"><textarea name=\"your-message\" cols=\"40\" rows=\"10\" class=\"wpcf7-form-control wpcf7-textarea wpcf7-validates-as-required\" aria-required=\"true\" aria-invalid=\"false\"><\/textarea><\/span> <\/label><\/p>\n<p><span class=\"wpcf7-form-control-wrap\" data-name=\"acceptance-338\"><span class=\"wpcf7-form-control wpcf7-acceptance\"><span class=\"wpcf7-list-item\"><label><input type=\"checkbox\" name=\"acceptance-338\" value=\"1\" aria-invalid=\"false\" \/><span class=\"wpcf7-list-item-label\">Ich stimme zu, dass meine Angaben aus dem Kontaktformular zur Beantwortung meiner Anfrage erhoben und verarbeitet werden. Die Daten werden nach abgeschlossener Bearbeitung Ihrer Anfrage gel\u00f6scht. Hinweis: Sie k\u00f6nnen Ihre Einwilligung jederzeit f\u00fcr die Zukunft per E-Mail an funk@staging.bebizeit.de widerrufen. Detaillierte Informationen zum Umgang mit Nutzerdaten finden Sie in unserer Datenschutzerkl\u00e4rung.<\/span><\/label><\/span><\/span><\/span><\/p>\n<p><input type=\"submit\" value=\"Senden\" class=\"wpcf7-form-control has-spinner wpcf7-submit\" \/><\/p>\n<p style=\"display: none !important;\"><label>&#916;<textarea name=\"_wpcf7_ak_hp_textarea\" cols=\"45\" rows=\"8\" maxlength=\"100\"><\/textarea><\/label><input type=\"hidden\" id=\"ak_js_1\" name=\"_wpcf7_ak_js\" value=\"110\"\/><script>document.getElementById( \"ak_js_1\" ).setAttribute( \"value\", ( new Date() ).getTime() );<\/script><\/p><div class=\"frc-captcha \" data-sitekey=\"FCMG5FQTAC66323A\" data-lang=\"de\" ><\/div>\n\t\t<noscript>You need to enable Javascript for the anti-spam check.<\/noscript><div class=\"wpcf7-response-output\" aria-hidden=\"true\"><\/div><\/form><\/div>\n<h2>Oder besuchen Sie mich:<\/h2>\n<p>&nbsp;<\/p>\n<p>Eingang zur Praxis im Innenhof \/ Erdgeschoss<\/p>\n<h2>Mit dem \u00f6ffentlichen Nahverkehr<\/h2>\n<p>Buslinien 4 und 14:<br \/>\nHaltestelle Adolf &#8211; Todt \u2013 Str. \/ Rheinufer<br \/>\nBuslinie 3 und 9:<br \/>\nHaltestelle Glarusstra\u00dfe<\/p>\n<p><iframe loading=\"lazy\" style=\"border: 0;\" src=\"https:\/\/www.google.com\/maps\/embed?pb=!1m18!1m12!1m3!1d2562.6598365175832!2d8.238852715704954!3d50.036469524988156!2m3!1f0!2f0!3f0!3m2!1i1024!2i768!4f13.1!3m3!1m2!1s0x47bd961315d6800b%3A0x9751b69cf6490086!2sAdolf-Todt-Stra%C3%9Fe+20%2C+65203+Wiesbaden!5e0!3m2!1sde!2sde!4v1460548422243\" width=\"600\" height=\"450\" frameborder=\"0\" allowfullscreen=\"allowfullscreen\"><\/iframe><\/p>\n","protected":false},"excerpt":{"rendered":"<p>Adolf-Todt-Stra\u00dfe 20 65203 Wiesbaden Tel: 0160\u2009-7008800 funk@staging.bebizeit.de www.bebizeit.de Schreiben Sie mir: Oder besuchen Sie mich: &nbsp; Eingang zur Praxis im Innenhof \/ Erdgeschoss Mit dem \u00f6ffentlichen Nahverkehr Buslinien 4 und 14: Haltestelle Adolf &#8211; Todt \u2013 Str. \/ Rheinufer Buslinie 3 und 9: Haltestelle Glarusstra\u00dfe<\/p>\n","protected":false},"author":1,"featured_media":0,"parent":0,"menu_order":0,"comment_status":"closed","ping_status":"closed","template":"","meta":{"jetpack_post_was_ever_published":false},"jetpack-related-posts":[{"id":269,"url":"https:\/\/staging.bebizeit.de\/?page_id=269","url_meta":{"origin":108,"position":0},"title":"Impressum","date":"13. April 2016","format":false,"excerpt":"Impressum Angaben gem\u00e4\u00df \u00a7 5 TMG: Sabine Funk Psychologin M. Sc. & Hebamme Adolf -Todt- Str. 20 65203 Wiesbaden Hebamme: Gesundheitsamt WiesbadenBerufsbezeichnung:\u00a0HebammeVerliehen durch: Der Sozialminister des Landes Schleswig - HolsteinHebammengesetz (HebG vom 04.06.1985) Psychologin M. Sc.Verliehen durch: Utrecht University, The Netherlands, Department of Social and Behavioural Sciences Kontakt: Telefon: 0160-7008800\u2026","rel":"","context":"\u00c4hnlicher Beitrag","img":{"alt_text":"","src":"","width":0,"height":0},"classes":[]},{"id":281,"url":"https:\/\/staging.bebizeit.de\/?page_id=281","url_meta":{"origin":108,"position":1},"title":"Datenschutz","date":"14. April 2016","format":false,"excerpt":"Datenschutzerkl\u00e4rung: Die Betreiber dieser\u00a0Seiten nehmen den Schutz Ihrer pers\u00f6nlichen Daten sehr ernst. Wir behandeln Ihre personenbezogenen Daten vertraulich und entsprechend der gesetzlichen Datenschutzvorschriften sowie dieser\u00a0Datenschutzerkl\u00e4rung. Die Nutzung unserer Webseite ist in der Regel ohne Angabe personenbezogener Daten m\u00f6glich. Soweit auf unseren Seiten personenbezogene Daten (beispielsweise\u00a0Name, Anschrift oder E-Mail-Adressen) erhoben werden,\u2026","rel":"","context":"\u00c4hnlicher Beitrag","img":{"alt_text":"","src":"","width":0,"height":0},"classes":[]},{"id":114,"url":"https:\/\/staging.bebizeit.de\/?page_id=114","url_meta":{"origin":108,"position":2},"title":"Hebammenhilfe","date":"18. M\u00e4rz 2016","format":false,"excerpt":"Information f\u00fcr Schwangere, die eine Wochenbettbetreuung zu Hause nach der Geburt suchen: Ich biete Wochenbettbetreuungen nur in Wiesbaden- Biebrich an!\u00a0Bitte geben Sie bei Anfragen deshalb unbedingt ihre Adresse und den errechneten Entbindungstermin an. Vielen Dank! Was steht Ihnen zu? Die Hebamme ist die Fachfrau rund um die Schwangerschaft, Geburt und\u2026","rel":"","context":"\u00c4hnlicher Beitrag","img":{"alt_text":"storch","src":"https:\/\/i0.wp.com\/staging.bebizeit.de\/wp-content\/uploads\/2016\/03\/storch-290x300.jpg?resize=350%2C200&ssl=1","width":350,"height":200},"classes":[]},{"id":112,"url":"https:\/\/staging.bebizeit.de\/?page_id=112","url_meta":{"origin":108,"position":3},"title":"Hilfsangebot","date":"18. M\u00e4rz 2016","format":false,"excerpt":"Rund um die Bebizeit gibt es unterschiedliche Hilfs- und Beratungsangebote. Sie unterscheiden sich durch den spezifischen Zeitpunkt, die unterschiedliche Zeitdauer und nach den ganz besonderen, pers\u00f6nlichen Themenschwerpunkten, zu denen Hilfe angefragt werden kann. 1. Individuelle psychologische Beratung zur Krisenintervention und oft als Kurzzeitbehandlung f\u00fcr Babys\u00a0, die viel schreien, schlecht schlafen\u2026","rel":"","context":"\u00c4hnlicher Beitrag","img":{"alt_text":"","src":"","width":0,"height":0},"classes":[]},{"id":49,"url":"https:\/\/staging.bebizeit.de\/?page_id=49","url_meta":{"origin":108,"position":4},"title":"Baby","date":"18. M\u00e4rz 2016","format":false,"excerpt":"Habe ich ein Schreibaby? Diese Frage stellen sich viele besorgte Eltern, deren Baby viel weint. Dabei ist es gar nicht wichtig, ob ein Kind die offiziellen Wessel - Kriterien dazu erf\u00fcllt. Einzig und allein entscheidend ist, ob sich die Eltern durch das Schreien ihres Kindes in ihrer Beziehung zum Kind\u2026","rel":"","context":"\u00c4hnlicher Beitrag","img":{"alt_text":"mutterkindrehe","src":"https:\/\/i0.wp.com\/staging.bebizeit.de\/wp-content\/uploads\/2016\/03\/mutterkindrehe-300x158.jpg?resize=350%2C200&ssl=1","width":350,"height":200},"classes":[]},{"id":96,"url":"https:\/\/staging.bebizeit.de\/?page_id=96","url_meta":{"origin":108,"position":5},"title":"Downloads","date":"18. M\u00e4rz 2016","format":false,"excerpt":"Hier finden Sie Formulare und Informationen als PDFs zum Download. Behandlungsvertrag Bitte drucken und f\u00fcllen Sie das Formular aus. Behandlungsvertrag_Elternberatung Fragen zum Erstkontakt Bitte f\u00fcllen Sie den Fragebogen aus und senden ihn mir per Email oder Post zur\u00fcck. Fragen zum Erstkontakt Schlafprotokoll Protokollieren Sie tabellarisch das Verhalten Ihres Kindes rund\u2026","rel":"","context":"\u00c4hnlicher Beitrag","img":{"alt_text":"","src":"","width":0,"height":0},"classes":[]}],"jetpack_shortlink":"https:\/\/wp.me\/P7lwlO-1K","_links":{"self":[{"href":"https:\/\/staging.bebizeit.de\/index.php?rest_route=\/wp\/v2\/pages\/108"}],"collection":[{"href":"https:\/\/staging.bebizeit.de\/index.php?rest_route=\/wp\/v2\/pages"}],"about":[{"href":"https:\/\/staging.bebizeit.de\/index.php?rest_route=\/wp\/v2\/types\/page"}],"author":[{"embeddable":true,"href":"https:\/\/staging.bebizeit.de\/index.php?rest_route=\/wp\/v2\/users\/1"}],"replies":[{"embeddable":true,"href":"https:\/\/staging.bebizeit.de\/index.php?rest_route=%2Fwp%2Fv2%2Fcomments&post=108"}],"version-history":[{"count":33,"href":"https:\/\/staging.bebizeit.de\/index.php?rest_route=\/wp\/v2\/pages\/108\/revisions"}],"predecessor-version":[{"id":9480,"href":"https:\/\/staging.bebizeit.de\/index.php?rest_route=\/wp\/v2\/pages\/108\/revisions\/9480"}],"wp:attachment":[{"href":"https:\/\/staging.bebizeit.de\/index.php?rest_route=%2Fwp%2Fv2%2Fmedia&parent=108"}],"curies":[{"name":"wp","href":"https:\/\/api.w.org\/{rel}","templated":true}]}}