{"id":106,"date":"2016-03-18T22:39:43","date_gmt":"2016-03-18T22:39:43","guid":{"rendered":"http:\/\/bebizeit.werbeagentur-webagentur-kreativagentur.de\/?page_id=106"},"modified":"2018-08-28T08:26:52","modified_gmt":"2018-08-28T06:26:52","slug":"muetter","status":"publish","type":"page","link":"https:\/\/staging.bebizeit.de\/?page_id=106","title":{"rendered":"M\u00fctter"},"content":{"rendered":"<p><img data-attachment-id=\"228\" data-permalink=\"https:\/\/staging.bebizeit.de\/?attachment_id=228\" data-orig-file=\"https:\/\/staging.bebizeit.de\/wp-content\/uploads\/2016\/03\/kaenguru_hellerbeutel_gerade.jpg\" data-orig-size=\"800,1135\" data-comments-opened=\"1\" data-image-meta=\"{&quot;aperture&quot;:&quot;0&quot;,&quot;credit&quot;:&quot;&quot;,&quot;camera&quot;:&quot;&quot;,&quot;caption&quot;:&quot;&quot;,&quot;created_timestamp&quot;:&quot;0&quot;,&quot;copyright&quot;:&quot;&quot;,&quot;focal_length&quot;:&quot;0&quot;,&quot;iso&quot;:&quot;0&quot;,&quot;shutter_speed&quot;:&quot;0&quot;,&quot;title&quot;:&quot;&quot;,&quot;orientation&quot;:&quot;0&quot;}\" data-image-title=\"kaenguru_hellerbeutel_gerade\" data-image-description=\"\" data-image-caption=\"\" data-medium-file=\"https:\/\/staging.bebizeit.de\/wp-content\/uploads\/2016\/03\/kaenguru_hellerbeutel_gerade-211x300.jpg\" data-large-file=\"https:\/\/staging.bebizeit.de\/wp-content\/uploads\/2016\/03\/kaenguru_hellerbeutel_gerade-722x1024.jpg\" decoding=\"async\" loading=\"lazy\" class=\"size-medium wp-image-228 alignleft\" src=\"https:\/\/staging.bebizeit.de\/wp-content\/uploads\/2016\/03\/kaenguru_hellerbeutel_gerade-211x300.jpg\" alt=\"kaenguru_hellerbeutel_gerade\" width=\"211\" height=\"300\" srcset=\"https:\/\/staging.bebizeit.de\/wp-content\/uploads\/2016\/03\/kaenguru_hellerbeutel_gerade-211x300.jpg 211w, https:\/\/staging.bebizeit.de\/wp-content\/uploads\/2016\/03\/kaenguru_hellerbeutel_gerade-768x1090.jpg 768w, https:\/\/staging.bebizeit.de\/wp-content\/uploads\/2016\/03\/kaenguru_hellerbeutel_gerade-722x1024.jpg 722w, https:\/\/staging.bebizeit.de\/wp-content\/uploads\/2016\/03\/kaenguru_hellerbeutel_gerade.jpg 800w\" sizes=\"(max-width: 211px) 100vw, 211px\" \/><\/p>\n<p>Egal wie lange eine Frau bereits Mutter ist und wie egal wie klein oder gro\u00df ihr Baby ist, es kann zu jeder Zeit dr\u00e4ngende Fragen oder Sorgen geben, die Anlass geben, nach kompetenter Hilfe zu suchen.<\/p>\n<p>Das alte Sprichwort: Kleine Kinder \u2013 kleine Sorgen, gro\u00dfe Kinder \u2013 gro\u00dfe Sorgen\u00a0ist dabei nicht ganz richtig, denn auch bei kleinen Kindern gibt es manchmal Anlass f\u00fcr gro\u00dfe Sorgen. Ob eine Mutter deshalb gro\u00dfe oder kleine Sorgen sp\u00fcrt, h\u00e4ngt schlie\u00dflich ganz allein von ihrer eigenen Empfindung ab! Es ist deshalb ihre individuelle Entscheidung, ob sie Hilfebedarf bei sich erkennt.<\/p>\n<h2>Heultage, Babyblues und Wochenbettdepression<\/h2>\n<p>Das Baby ist geboren und das Gl\u00fcck einer frischen Mutter und ihrer Familie ist nahezu perfekt. Mutter und Kind sind gesund und alle freuen sich dar\u00fcber. Abgesehen von den wenigen Heultagen in den ersten Tagen nach der Geburt erleben die meisten jungen M\u00fctter vorwiegend diese Gl\u00fccksgef\u00fchle, und sie geh\u00f6ren zu den positiven und w\u00fcnschenswerten Erfahrungen der Mutterschaft.<\/p>\n<p>Aber immer wieder passiert es, dass sich frische M\u00fctter dauerhaft ungl\u00fccklich, unverstanden und \u00fcberfordert f\u00fchlen. Die sie umgebenden Menschen haben kein Verst\u00e4ndnis f\u00fcr ihre anhaltende Traurigkeit, den nicht enden wollenden Babyblues und die Gef\u00fchlsverwirrung unter der sie leiden. Manchmal verbergen diese M\u00fctter auch ihre wahren Gef\u00fchle und sie scheinen vordergr\u00fcndig gl\u00fccklich und gut zu funktionieren. Hinter dieser Fassade sind sie aber zutiefst ungl\u00fccklich und machen sich gro\u00dfe Sorgen.<\/p>\n<p><img data-attachment-id=\"390\" data-permalink=\"https:\/\/staging.bebizeit.de\/?attachment_id=390\" data-orig-file=\"https:\/\/staging.bebizeit.de\/wp-content\/uploads\/2016\/04\/mutterreh.jpg\" data-orig-size=\"323,405\" data-comments-opened=\"1\" data-image-meta=\"{&quot;aperture&quot;:&quot;0&quot;,&quot;credit&quot;:&quot;&quot;,&quot;camera&quot;:&quot;&quot;,&quot;caption&quot;:&quot;&quot;,&quot;created_timestamp&quot;:&quot;0&quot;,&quot;copyright&quot;:&quot;&quot;,&quot;focal_length&quot;:&quot;0&quot;,&quot;iso&quot;:&quot;0&quot;,&quot;shutter_speed&quot;:&quot;0&quot;,&quot;title&quot;:&quot;&quot;,&quot;orientation&quot;:&quot;0&quot;}\" data-image-title=\"mutterreh\" data-image-description=\"\" data-image-caption=\"\" data-medium-file=\"https:\/\/staging.bebizeit.de\/wp-content\/uploads\/2016\/04\/mutterreh-239x300.jpg\" data-large-file=\"https:\/\/staging.bebizeit.de\/wp-content\/uploads\/2016\/04\/mutterreh.jpg\" decoding=\"async\" loading=\"lazy\" class=\"nachlinks alignleft wp-image-390\" src=\"https:\/\/staging.bebizeit.de\/wp-content\/uploads\/2016\/04\/mutterreh-239x300.jpg\" width=\"129\" height=\"162\" srcset=\"https:\/\/staging.bebizeit.de\/wp-content\/uploads\/2016\/04\/mutterreh-239x300.jpg 239w, https:\/\/staging.bebizeit.de\/wp-content\/uploads\/2016\/04\/mutterreh.jpg 323w\" sizes=\"(max-width: 129px) 100vw, 129px\" \/>Aufmunternde Worte helfen nicht und die Mutter f\u00fchlt sich mit ihren ambivalenten Gef\u00fchlen allein gelassen und muss sich sogar Undankbarkeit \u00fcber das nicht anerkannte Babygl\u00fcck vorwerfen lassen.<\/p>\n<h2>Kaiserschnitt und andere<br \/>\nbelastende Geburtserlebnisse<\/h2>\n<p><img data-attachment-id=\"383\" data-permalink=\"https:\/\/staging.bebizeit.de\/?attachment_id=383\" data-orig-file=\"https:\/\/staging.bebizeit.de\/wp-content\/uploads\/2016\/04\/kaenguru_beutel_naht.jpg\" data-orig-size=\"658,1000\" data-comments-opened=\"1\" data-image-meta=\"{&quot;aperture&quot;:&quot;0&quot;,&quot;credit&quot;:&quot;&quot;,&quot;camera&quot;:&quot;&quot;,&quot;caption&quot;:&quot;&quot;,&quot;created_timestamp&quot;:&quot;0&quot;,&quot;copyright&quot;:&quot;&quot;,&quot;focal_length&quot;:&quot;0&quot;,&quot;iso&quot;:&quot;0&quot;,&quot;shutter_speed&quot;:&quot;0&quot;,&quot;title&quot;:&quot;&quot;,&quot;orientation&quot;:&quot;0&quot;}\" data-image-title=\"kaenguru_beutel_naht\" data-image-description=\"\" data-image-caption=\"\" data-medium-file=\"https:\/\/staging.bebizeit.de\/wp-content\/uploads\/2016\/04\/kaenguru_beutel_naht-197x300.jpg\" data-large-file=\"https:\/\/staging.bebizeit.de\/wp-content\/uploads\/2016\/04\/kaenguru_beutel_naht.jpg\" decoding=\"async\" loading=\"lazy\" class=\"alignright wp-image-383 size-medium\" src=\"https:\/\/staging.bebizeit.de\/wp-content\/uploads\/2016\/04\/kaenguru_beutel_naht-197x300.jpg\" width=\"197\" height=\"300\" srcset=\"https:\/\/staging.bebizeit.de\/wp-content\/uploads\/2016\/04\/kaenguru_beutel_naht-197x300.jpg 197w, https:\/\/staging.bebizeit.de\/wp-content\/uploads\/2016\/04\/kaenguru_beutel_naht.jpg 658w\" sizes=\"(max-width: 197px) 100vw, 197px\" \/>Eine Geburt ist immer ein aufregendes Ereignis und auch mit einer guten Geburtsvorbereitung hat frau nur bedingt Einfluss auf den Geburtsverlauf. Aus diesem Grund sagen Hebammen auch, dass eine Geburt erstens anders verl\u00e4uft- und zweitens als frau denkt. F\u00fcr die meisten M\u00fctter ist dies kein Problem und sie finden ihren Frieden mit dem Unerwarteten.<\/p>\n<p>Aber es gibt immer wieder Frauen, die enorm anstrengende, \u00fcberaus schmerzhafte und \u00fcberw\u00e4ltigende Geburtserfahrungen gemacht haben. Sie f\u00fchlen sich \u00fcbergangen, ausgeliefert oder zutiefst in ihrer Seele verletzt, manche gar traumatisiert. Die Narbe an ihren Bauch hat auch eine in ihrer Seele hinterlassen. Sie sind geplagt von Selbstvorw\u00fcrfen und Versagens\u00e4ngsten und kommen nicht allein dar\u00fcber hinweg. Immer wieder dr\u00e4ngt sich das Erlebte ins Bewusstsein und verursacht ein belastendes Gef\u00fchl. Manchmal tauchen die Emotionen bereits sehr fr\u00fch im Wochenbett auf, manchmal auch erst wenn eine weitere Schwangerschaft vorliegt und damit eine weitere Geburt ansteht.<\/p>\n<p>&nbsp;<\/p>\n<h2><strong>Stillberatung \u00a0bei Stillproblemen<\/strong><\/h2>\n<p><strong>Neugeborene Babys: Wenn der Start des Stillens schwierig ist<\/strong><\/p>\n<p>Stillen wird als die einfachste, ges\u00fcndeste und damit optimale Ern\u00e4hrung f\u00fcr einen S\u00e4ugling beschrieben. Dies trifft sicherlich zu, wenn der Beginn des Stillens unter g\u00fcnstigen Bedingungen verlaufen kann, was ja in den meisten Kliniken und nach den allermeisten Geburten m\u00f6glich ist.<\/p>\n<p>Diese optimalen Bedingungen sind aber leider nicht immer gegeben und es gibt viele Gr\u00fcnde, warum ein Baby fr\u00fchzeitig zugef\u00fcttert wird. Beispielsweise kann eine fr\u00fche oder kurzfristige Trennung vom Neugeborenen, zu niedriger Blutzucker, zu gro\u00dfe Gewichtsabnahme, Trinkschw\u00e4che, ausgepr\u00e4gte Neugeborenen Gelbsucht oder eine andere medizinische Notwendigkeit dazu f\u00fchren, dass das Baby zun\u00e4chst nicht an der Brust gestillt werden kann. Es gibt auch m\u00fctterliche Voraussetzungen, die das Stillen erschweren k\u00f6nnen wie ein verz\u00f6gerter Milcheinschuss, ein Milchstau, die Ersch\u00f6pfung nach einer langen Entbindung, eine Operation an der Brust, Schmerzen, ambivalente Gef\u00fchle dem Stillen gegen\u00fcber oder der Glaube, stillen zu m\u00fcssen.<\/p>\n<p>Auch wenn diese Liste bei Weitem nicht vollst\u00e4ndig ist, f\u00fchrt eine Stillproblematik dazu, dass die Mutter eine emotional herausfordernde Situation erlebt. Diese ist umso ausgepr\u00e4gter,\u00a0 je mehr sich die Mutter das Stillen w\u00fcnscht und je st\u00e4rker das Kind die Brust ablehnt. Stillberatung sollte dann auch die Gef\u00fchle, wie m\u00f6gliche Sorgen, \u00c4ngste und Bedenken der Mutter ber\u00fccksichtigen, die im Zusammenhang mit der Stillproblematik stehen. \u00a0Darauf aufbauend k\u00f6nnen sich dann das Stillen und die Mutter-Kind-Beziehung positiv ver\u00e4ndern.<\/p>\n<p><strong>\u00c4ltere S\u00e4uglinge: wenn das Abstillen schwierig ist<\/strong><\/p>\n<p>Gerade wenn es am Anfang schwierig war, das Baby zu stillen und Mutter und Baby mit viel Engagement zu einer dauerhaften Stillbeziehung gefunden haben, f\u00e4llt es sp\u00e4ter oft nicht leicht, diese wieder zu beenden. Manche S\u00e4uglinge lassen sich nicht von allein abstillen &#8211; auch dann nicht wenn die Mutter gern weniger stillen oder sogar ganz abstillen m\u00f6chte.\u00a0 Gerade zu den Schlafenszeiten fordert manches Kind h\u00e4ufig unnachgiebig seine liebgewonnene Gewohnheit ein. Die Mutter gibt dann nach, w\u00fcrde aber gern einen anderen Weg finden, ihr Kind in den Schlaf zu bringen.<\/p>\n<p>Stillberatung ist eine Beratung in besonderen Lebenssituationen und wird deshalb privat in Rechnung gestellt. Als Hebammenleistung ist sie nur abrechenbar wenn sie im Rahmen einer &#8211; im Voraus vereinbarten &#8211; Wochenbettbetreuung erfolgt.<\/p>\n","protected":false},"excerpt":{"rendered":"<p>Egal wie lange eine Frau bereits Mutter ist und wie egal wie klein oder gro\u00df ihr Baby ist, es kann zu jeder Zeit dr\u00e4ngende Fragen oder Sorgen geben, die Anlass geben, nach kompetenter Hilfe zu suchen. Das alte Sprichwort: Kleine Kinder \u2013 kleine Sorgen, gro\u00dfe Kinder \u2013 gro\u00dfe Sorgen\u00a0ist dabei nicht ganz richtig, denn auch &hellip; <a href=\"https:\/\/staging.bebizeit.de\/?page_id=106\" class=\"more-link\"><span class=\"screen-reader-text\">M\u00fctter<\/span> weiterlesen <span class=\"meta-nav\">&rarr;<\/span><\/a><\/p>\n","protected":false},"author":1,"featured_media":0,"parent":0,"menu_order":0,"comment_status":"closed","ping_status":"closed","template":"","meta":{"jetpack_post_was_ever_published":false},"jetpack-related-posts":[{"id":94,"url":"https:\/\/staging.bebizeit.de\/?page_id=94","url_meta":{"origin":106,"position":0},"title":"Kurse","date":"18. M\u00e4rz 2016","format":false,"excerpt":"Einfach Eltern sein und \u00a0Babys verstehen\u00a0 - damit die emotionale Vorbereitung auf das Elternsein gelingt Dieser Kurs bietet die perfekte Erg\u00e4nzung zur allgemeinen Geburtsvorbereitung. Es geht darum, ein feinf\u00fchliges Verst\u00e4ndnis und einen angemessenen Umgang in emotional herausfordernden Momenten beim Start in die Babyzeit zu erlernen. Die Veranstaltungsreihe informiert Schwangere, Paare,\u2026","rel":"","context":"\u00c4hnlicher Beitrag","img":{"alt_text":"","src":"","width":0,"height":0},"classes":[]},{"id":100,"url":"https:\/\/staging.bebizeit.de\/?page_id=100","url_meta":{"origin":106,"position":1},"title":"V\u00e4ter","date":"18. M\u00e4rz 2016","format":false,"excerpt":"Elternzeit ist auch V\u00e4terzeit. Immer mehr V\u00e4tern wird bewusst, wie sch\u00f6n und wertvoll es sein kann, am Alltag ihrer neu geborenen Familie teilzuhaben. Sie nehmen Elternzeit, weil sie sich bewusst daf\u00fcr entschieden haben, weil die Partnerin es gerne so h\u00e4tte, oder einfach weil sie ganz bewusst das Angebot einer beruflichen\u2026","rel":"","context":"\u00c4hnlicher Beitrag","img":{"alt_text":"","src":"https:\/\/i0.wp.com\/staging.bebizeit.de\/wp-content\/uploads\/2016\/03\/baer-293x300.jpg?resize=350%2C200&ssl=1","width":350,"height":200},"classes":[]},{"id":49,"url":"https:\/\/staging.bebizeit.de\/?page_id=49","url_meta":{"origin":106,"position":2},"title":"Baby","date":"18. M\u00e4rz 2016","format":false,"excerpt":"Habe ich ein Schreibaby? Diese Frage stellen sich viele besorgte Eltern, deren Baby viel weint. Dabei ist es gar nicht wichtig, ob ein Kind die offiziellen Wessel - Kriterien dazu erf\u00fcllt. Einzig und allein entscheidend ist, ob sich die Eltern durch das Schreien ihres Kindes in ihrer Beziehung zum Kind\u2026","rel":"","context":"\u00c4hnlicher Beitrag","img":{"alt_text":"mutterkindrehe","src":"https:\/\/i0.wp.com\/staging.bebizeit.de\/wp-content\/uploads\/2016\/03\/mutterkindrehe-300x158.jpg?resize=350%2C200&ssl=1","width":350,"height":200},"classes":[]},{"id":114,"url":"https:\/\/staging.bebizeit.de\/?page_id=114","url_meta":{"origin":106,"position":3},"title":"Hebammenhilfe","date":"18. M\u00e4rz 2016","format":false,"excerpt":"Information f\u00fcr Schwangere, die eine Wochenbettbetreuung zu Hause nach der Geburt suchen: Ich biete Wochenbettbetreuungen nur in Wiesbaden- Biebrich an!\u00a0Bitte geben Sie bei Anfragen deshalb unbedingt ihre Adresse und den errechneten Entbindungstermin an. Vielen Dank! Was steht Ihnen zu? Die Hebamme ist die Fachfrau rund um die Schwangerschaft, Geburt und\u2026","rel":"","context":"\u00c4hnlicher Beitrag","img":{"alt_text":"storch","src":"https:\/\/i0.wp.com\/staging.bebizeit.de\/wp-content\/uploads\/2016\/03\/storch-290x300.jpg?resize=350%2C200&ssl=1","width":350,"height":200},"classes":[]},{"id":102,"url":"https:\/\/staging.bebizeit.de\/?page_id=102","url_meta":{"origin":106,"position":4},"title":"Schwangere","date":"18. M\u00e4rz 2016","format":false,"excerpt":"Ob eine Schwangerschaft geplant und gew\u00fcnscht ist, oder sich gerade nicht zum rechten Zeitpunkt eingestellt hat, oder sogar v\u00f6llig ungeplant und unerw\u00fcnscht eingetreten ist, - sie kann in jeden Fall heftige Gef\u00fchle zwischen Akzeptanz und Ablehnung mit sich bringen. Diese sogenannte Ambivalenz ist ganz normal. Trotzdem fragt sich jede Schwangere,\u2026","rel":"","context":"\u00c4hnlicher Beitrag","img":{"alt_text":"","src":"https:\/\/i0.wp.com\/staging.bebizeit.de\/wp-content\/uploads\/2016\/03\/wunschschwangere-202x300.jpg?resize=350%2C200&ssl=1","width":350,"height":200},"classes":[]},{"id":112,"url":"https:\/\/staging.bebizeit.de\/?page_id=112","url_meta":{"origin":106,"position":5},"title":"Hilfsangebot","date":"18. M\u00e4rz 2016","format":false,"excerpt":"Rund um die Bebizeit gibt es unterschiedliche Hilfs- und Beratungsangebote. Sie unterscheiden sich durch den spezifischen Zeitpunkt, die unterschiedliche Zeitdauer und nach den ganz besonderen, pers\u00f6nlichen Themenschwerpunkten, zu denen Hilfe angefragt werden kann. 1. Individuelle psychologische Beratung zur Krisenintervention und oft als Kurzzeitbehandlung f\u00fcr Babys\u00a0, die viel schreien, schlecht schlafen\u2026","rel":"","context":"\u00c4hnlicher Beitrag","img":{"alt_text":"","src":"","width":0,"height":0},"classes":[]}],"jetpack_shortlink":"https:\/\/wp.me\/P7lwlO-1I","_links":{"self":[{"href":"https:\/\/staging.bebizeit.de\/index.php?rest_route=\/wp\/v2\/pages\/106"}],"collection":[{"href":"https:\/\/staging.bebizeit.de\/index.php?rest_route=\/wp\/v2\/pages"}],"about":[{"href":"https:\/\/staging.bebizeit.de\/index.php?rest_route=\/wp\/v2\/types\/page"}],"author":[{"embeddable":true,"href":"https:\/\/staging.bebizeit.de\/index.php?rest_route=\/wp\/v2\/users\/1"}],"replies":[{"embeddable":true,"href":"https:\/\/staging.bebizeit.de\/index.php?rest_route=%2Fwp%2Fv2%2Fcomments&post=106"}],"version-history":[{"count":22,"href":"https:\/\/staging.bebizeit.de\/index.php?rest_route=\/wp\/v2\/pages\/106\/revisions"}],"predecessor-version":[{"id":684,"href":"https:\/\/staging.bebizeit.de\/index.php?rest_route=\/wp\/v2\/pages\/106\/revisions\/684"}],"wp:attachment":[{"href":"https:\/\/staging.bebizeit.de\/index.php?rest_route=%2Fwp%2Fv2%2Fmedia&parent=106"}],"curies":[{"name":"wp","href":"https:\/\/api.w.org\/{rel}","templated":true}]}}