{"id":104,"date":"2016-03-18T22:38:59","date_gmt":"2016-03-18T22:38:59","guid":{"rendered":"http:\/\/bebizeit.werbeagentur-webagentur-kreativagentur.de\/?page_id=104"},"modified":"2020-09-01T11:41:00","modified_gmt":"2020-09-01T09:41:00","slug":"ueber-mich","status":"publish","type":"page","link":"https:\/\/staging.bebizeit.de\/?page_id=104","title":{"rendered":"\u00dcber Mich"},"content":{"rendered":"<p><img data-attachment-id=\"611\" data-permalink=\"https:\/\/staging.bebizeit.de\/?attachment_id=611\" data-orig-file=\"https:\/\/staging.bebizeit.de\/wp-content\/uploads\/2018\/02\/logoplus-1.jpg\" data-orig-size=\"1200,668\" data-comments-opened=\"1\" data-image-meta=\"{&quot;aperture&quot;:&quot;0&quot;,&quot;credit&quot;:&quot;&quot;,&quot;camera&quot;:&quot;&quot;,&quot;caption&quot;:&quot;&quot;,&quot;created_timestamp&quot;:&quot;0&quot;,&quot;copyright&quot;:&quot;&quot;,&quot;focal_length&quot;:&quot;0&quot;,&quot;iso&quot;:&quot;0&quot;,&quot;shutter_speed&quot;:&quot;0&quot;,&quot;title&quot;:&quot;&quot;,&quot;orientation&quot;:&quot;0&quot;}\" data-image-title=\"logoplus\" data-image-description=\"\" data-image-caption=\"\" data-medium-file=\"https:\/\/staging.bebizeit.de\/wp-content\/uploads\/2018\/02\/logoplus-1-300x167.jpg\" data-large-file=\"https:\/\/staging.bebizeit.de\/wp-content\/uploads\/2018\/02\/logoplus-1-1024x570.jpg\" decoding=\"async\" loading=\"lazy\" class=\"wp-image-611 alignleft\" src=\"https:\/\/staging.bebizeit.de\/wp-content\/uploads\/2018\/02\/logoplus-1-300x167.jpg\" alt=\"\" width=\"223\" height=\"124\" srcset=\"https:\/\/staging.bebizeit.de\/wp-content\/uploads\/2018\/02\/logoplus-1-300x167.jpg 300w, https:\/\/staging.bebizeit.de\/wp-content\/uploads\/2018\/02\/logoplus-1-768x428.jpg 768w, https:\/\/staging.bebizeit.de\/wp-content\/uploads\/2018\/02\/logoplus-1-1024x570.jpg 1024w, https:\/\/staging.bebizeit.de\/wp-content\/uploads\/2018\/02\/logoplus-1-672x372.jpg 672w, https:\/\/staging.bebizeit.de\/wp-content\/uploads\/2018\/02\/logoplus-1-1038x576.jpg 1038w, https:\/\/staging.bebizeit.de\/wp-content\/uploads\/2018\/02\/logoplus-1.jpg 1200w\" sizes=\"(max-width: 223px) 100vw, 223px\" \/>Das Ziel meiner Arbeit ist es, empathische Begleitung und fachliche Beratung abgestimmt auf die individuellen Bed\u00fcrfnisse frischer Eltern mit ihrem Baby anzubieten. Dabei ist es mir wichtig, Eltern kompetent und sicher f\u00fcr ihre Elternrolle zu machen, auch &#8211; und gerade wenn der Start als Familie mit besonderen, unerwarteten Herausforderungen beginnt.<\/p>\n<p><img data-attachment-id=\"218\" data-permalink=\"https:\/\/staging.bebizeit.de\/?attachment_id=218\" data-orig-file=\"https:\/\/staging.bebizeit.de\/wp-content\/uploads\/2016\/04\/sabine_funk.jpg\" data-orig-size=\"1076,728\" data-comments-opened=\"1\" data-image-meta=\"{&quot;aperture&quot;:&quot;0&quot;,&quot;credit&quot;:&quot;&quot;,&quot;camera&quot;:&quot;&quot;,&quot;caption&quot;:&quot;&quot;,&quot;created_timestamp&quot;:&quot;0&quot;,&quot;copyright&quot;:&quot;&quot;,&quot;focal_length&quot;:&quot;0&quot;,&quot;iso&quot;:&quot;0&quot;,&quot;shutter_speed&quot;:&quot;0&quot;,&quot;title&quot;:&quot;&quot;,&quot;orientation&quot;:&quot;0&quot;}\" data-image-title=\"sabine_funk\" data-image-description=\"\" data-image-caption=\"\" data-medium-file=\"https:\/\/staging.bebizeit.de\/wp-content\/uploads\/2016\/04\/sabine_funk-300x203.jpg\" data-large-file=\"https:\/\/staging.bebizeit.de\/wp-content\/uploads\/2016\/04\/sabine_funk-1024x693.jpg\" decoding=\"async\" loading=\"lazy\" class=\"alignnone wp-image-218\" src=\"https:\/\/staging.bebizeit.de\/wp-content\/uploads\/2016\/04\/sabine_funk-300x203.jpg\" alt=\"sabine_funk\" width=\"446\" height=\"302\" srcset=\"https:\/\/staging.bebizeit.de\/wp-content\/uploads\/2016\/04\/sabine_funk-300x203.jpg 300w, https:\/\/staging.bebizeit.de\/wp-content\/uploads\/2016\/04\/sabine_funk-768x520.jpg 768w, https:\/\/staging.bebizeit.de\/wp-content\/uploads\/2016\/04\/sabine_funk-1024x693.jpg 1024w, https:\/\/staging.bebizeit.de\/wp-content\/uploads\/2016\/04\/sabine_funk.jpg 1076w\" sizes=\"(max-width: 446px) 100vw, 446px\" \/><\/p>\n<p>Meine Erfahrungen und Qualifikationen sch\u00f6pfe ich aus jahrelanger multiprofessioneller Ausbildung und Berufserfahrung.<\/p>\n<h2>Dies sind die Meilensteine meiner beruflichen Entwicklung:<\/h2>\n<ul>\n<li>1986 Hebammenexamen Universit\u00e4tsklinikum Kiel<\/li>\n<li>1998 \u2013 2006 Hausgeburtshilfe<\/li>\n<li>2008 Familienhebamme<\/li>\n<li>2012 Emotionelle Erste Hilfe und Krisenintervention (EEH\u00ae)<\/li>\n<li>2015 Psychologin B. Sc. Universit\u00e4t Mainz<\/li>\n<li>2017 Psychologin M. Sc. Universit\u00e4t Utrecht (Niederlande)<\/li>\n<li>1988, 1990, 1995 Geburt meiner Kinder &#8211; sie haben mich gelehrt, was es bedeutet, Mutter zu sein mit den Anteilen, die sich nicht studieren lassen.<\/li>\n<\/ul>\n<p>&nbsp;<\/p>\n<p>&nbsp;<\/p>\n<p>&nbsp;<\/p>\n<p>&nbsp;<\/p>\n","protected":false},"excerpt":{"rendered":"<p>Das Ziel meiner Arbeit ist es, empathische Begleitung und fachliche Beratung abgestimmt auf die individuellen Bed\u00fcrfnisse frischer Eltern mit ihrem Baby anzubieten. Dabei ist es mir wichtig, Eltern kompetent und sicher f\u00fcr ihre Elternrolle zu machen, auch &#8211; und gerade wenn der Start als Familie mit besonderen, unerwarteten Herausforderungen beginnt. Meine Erfahrungen und Qualifikationen sch\u00f6pfe &hellip; <a href=\"https:\/\/staging.bebizeit.de\/?page_id=104\" class=\"more-link\"><span class=\"screen-reader-text\">\u00dcber Mich<\/span> weiterlesen <span class=\"meta-nav\">&rarr;<\/span><\/a><\/p>\n","protected":false},"author":1,"featured_media":0,"parent":0,"menu_order":0,"comment_status":"closed","ping_status":"closed","template":"","meta":{"jetpack_post_was_ever_published":false},"jetpack-related-posts":[{"id":49,"url":"https:\/\/staging.bebizeit.de\/?page_id=49","url_meta":{"origin":104,"position":0},"title":"Baby","date":"18. M\u00e4rz 2016","format":false,"excerpt":"Habe ich ein Schreibaby? Diese Frage stellen sich viele besorgte Eltern, deren Baby viel weint. Dabei ist es gar nicht wichtig, ob ein Kind die offiziellen Wessel - Kriterien dazu erf\u00fcllt. Einzig und allein entscheidend ist, ob sich die Eltern durch das Schreien ihres Kindes in ihrer Beziehung zum Kind\u2026","rel":"","context":"\u00c4hnlicher Beitrag","img":{"alt_text":"mutterkindrehe","src":"https:\/\/i0.wp.com\/staging.bebizeit.de\/wp-content\/uploads\/2016\/03\/mutterkindrehe-300x158.jpg?resize=350%2C200&ssl=1","width":350,"height":200},"classes":[]},{"id":2,"url":"https:\/\/staging.bebizeit.de\/","url_meta":{"origin":104,"position":1},"title":"Bebizeit","date":"3. Februar 2016","format":false,"excerpt":"Die Zeit in der Erwartung eines Kindes und auch die Zeit nach der Geburt sind eine aufregende Zeit f\u00fcr frische Eltern. Es gibt viele Fragen, die sich w\u00e4hrend der Bebizeit stellen und die meisten Eltern finden auch selber eine befriedigende Antwort. Manchmal beginnt das Leben mit einem Baby aber auch\u2026","rel":"","context":"\u00c4hnlicher Beitrag","img":{"alt_text":"","src":"https:\/\/i0.wp.com\/staging.bebizeit.de\/wp-content\/uploads\/2019\/11\/RehFamDrei.jpg?resize=350%2C200&ssl=1","width":350,"height":200},"classes":[]},{"id":94,"url":"https:\/\/staging.bebizeit.de\/?page_id=94","url_meta":{"origin":104,"position":2},"title":"Kurse","date":"18. M\u00e4rz 2016","format":false,"excerpt":"Einfach Eltern sein und \u00a0Babys verstehen\u00a0 - damit die emotionale Vorbereitung auf das Elternsein gelingt Dieser Kurs bietet die perfekte Erg\u00e4nzung zur allgemeinen Geburtsvorbereitung. Es geht darum, ein feinf\u00fchliges Verst\u00e4ndnis und einen angemessenen Umgang in emotional herausfordernden Momenten beim Start in die Babyzeit zu erlernen. Die Veranstaltungsreihe informiert Schwangere, Paare,\u2026","rel":"","context":"\u00c4hnlicher Beitrag","img":{"alt_text":"","src":"","width":0,"height":0},"classes":[]},{"id":114,"url":"https:\/\/staging.bebizeit.de\/?page_id=114","url_meta":{"origin":104,"position":3},"title":"Hebammenhilfe","date":"18. M\u00e4rz 2016","format":false,"excerpt":"Information f\u00fcr Schwangere, die eine Wochenbettbetreuung zu Hause nach der Geburt suchen: Ich biete Wochenbettbetreuungen nur in Wiesbaden- Biebrich an!\u00a0Bitte geben Sie bei Anfragen deshalb unbedingt ihre Adresse und den errechneten Entbindungstermin an. Vielen Dank! Was steht Ihnen zu? Die Hebamme ist die Fachfrau rund um die Schwangerschaft, Geburt und\u2026","rel":"","context":"\u00c4hnlicher Beitrag","img":{"alt_text":"storch","src":"https:\/\/i0.wp.com\/staging.bebizeit.de\/wp-content\/uploads\/2016\/03\/storch-290x300.jpg?resize=350%2C200&ssl=1","width":350,"height":200},"classes":[]},{"id":98,"url":"https:\/\/staging.bebizeit.de\/?page_id=98","url_meta":{"origin":104,"position":4},"title":"Wunschkind","date":"18. M\u00e4rz 2016","format":false,"excerpt":"Nicht f\u00fcr alle Paare ist es selbstverst\u00e4ndlich selbstbestimmt in die Familienplanung zu starten und sich dem Lauf der Natur hinzugeben. Ganz im Gegenteil: sie haben gro\u00dfe Anstrengungen auf sich genommen, nach Plan gelebt und geliebt und auch medizinische Hilfe in Anspruch genommen. Doch nun ist es endlich soweit, das Wunschkind\u2026","rel":"","context":"\u00c4hnlicher Beitrag","img":{"alt_text":"schwalben","src":"https:\/\/i0.wp.com\/staging.bebizeit.de\/wp-content\/uploads\/2016\/03\/schwalben-290x300.jpg?resize=350%2C200&ssl=1","width":350,"height":200},"classes":[]},{"id":102,"url":"https:\/\/staging.bebizeit.de\/?page_id=102","url_meta":{"origin":104,"position":5},"title":"Schwangere","date":"18. M\u00e4rz 2016","format":false,"excerpt":"Ob eine Schwangerschaft geplant und gew\u00fcnscht ist, oder sich gerade nicht zum rechten Zeitpunkt eingestellt hat, oder sogar v\u00f6llig ungeplant und unerw\u00fcnscht eingetreten ist, - sie kann in jeden Fall heftige Gef\u00fchle zwischen Akzeptanz und Ablehnung mit sich bringen. Diese sogenannte Ambivalenz ist ganz normal. Trotzdem fragt sich jede Schwangere,\u2026","rel":"","context":"\u00c4hnlicher Beitrag","img":{"alt_text":"","src":"https:\/\/i0.wp.com\/staging.bebizeit.de\/wp-content\/uploads\/2016\/03\/wunschschwangere-202x300.jpg?resize=350%2C200&ssl=1","width":350,"height":200},"classes":[]}],"jetpack_shortlink":"https:\/\/wp.me\/P7lwlO-1G","_links":{"self":[{"href":"https:\/\/staging.bebizeit.de\/index.php?rest_route=\/wp\/v2\/pages\/104"}],"collection":[{"href":"https:\/\/staging.bebizeit.de\/index.php?rest_route=\/wp\/v2\/pages"}],"about":[{"href":"https:\/\/staging.bebizeit.de\/index.php?rest_route=\/wp\/v2\/types\/page"}],"author":[{"embeddable":true,"href":"https:\/\/staging.bebizeit.de\/index.php?rest_route=\/wp\/v2\/users\/1"}],"replies":[{"embeddable":true,"href":"https:\/\/staging.bebizeit.de\/index.php?rest_route=%2Fwp%2Fv2%2Fcomments&post=104"}],"version-history":[{"count":20,"href":"https:\/\/staging.bebizeit.de\/index.php?rest_route=\/wp\/v2\/pages\/104\/revisions"}],"predecessor-version":[{"id":7874,"href":"https:\/\/staging.bebizeit.de\/index.php?rest_route=\/wp\/v2\/pages\/104\/revisions\/7874"}],"wp:attachment":[{"href":"https:\/\/staging.bebizeit.de\/index.php?rest_route=%2Fwp%2Fv2%2Fmedia&parent=104"}],"curies":[{"name":"wp","href":"https:\/\/api.w.org\/{rel}","templated":true}]}}