{"id":102,"date":"2016-03-18T22:37:50","date_gmt":"2016-03-18T22:37:50","guid":{"rendered":"http:\/\/bebizeit.werbeagentur-webagentur-kreativagentur.de\/?page_id=102"},"modified":"2016-04-17T14:17:17","modified_gmt":"2016-04-17T14:17:17","slug":"schwangere","status":"publish","type":"page","link":"https:\/\/staging.bebizeit.de\/?page_id=102","title":{"rendered":"Schwangere"},"content":{"rendered":"<p><img data-attachment-id=\"193\" data-permalink=\"https:\/\/staging.bebizeit.de\/?attachment_id=193\" data-orig-file=\"https:\/\/staging.bebizeit.de\/wp-content\/uploads\/2016\/03\/wunschschwangere.jpg\" data-orig-size=\"1000,1482\" data-comments-opened=\"1\" data-image-meta=\"{&quot;aperture&quot;:&quot;0&quot;,&quot;credit&quot;:&quot;&quot;,&quot;camera&quot;:&quot;&quot;,&quot;caption&quot;:&quot;&quot;,&quot;created_timestamp&quot;:&quot;0&quot;,&quot;copyright&quot;:&quot;&quot;,&quot;focal_length&quot;:&quot;0&quot;,&quot;iso&quot;:&quot;0&quot;,&quot;shutter_speed&quot;:&quot;0&quot;,&quot;title&quot;:&quot;&quot;,&quot;orientation&quot;:&quot;0&quot;}\" data-image-title=\"wunschschwangere\" data-image-description=\"\" data-image-caption=\"\" data-medium-file=\"https:\/\/staging.bebizeit.de\/wp-content\/uploads\/2016\/03\/wunschschwangere-202x300.jpg\" data-large-file=\"https:\/\/staging.bebizeit.de\/wp-content\/uploads\/2016\/03\/wunschschwangere-691x1024.jpg\" decoding=\"async\" loading=\"lazy\" class=\"wp-image-193 alignleft\" src=\"https:\/\/staging.bebizeit.de\/wp-content\/uploads\/2016\/03\/wunschschwangere-202x300.jpg\" alt=\"wunschschwangere\" width=\"233\" height=\"346\" srcset=\"https:\/\/staging.bebizeit.de\/wp-content\/uploads\/2016\/03\/wunschschwangere-202x300.jpg 202w, https:\/\/staging.bebizeit.de\/wp-content\/uploads\/2016\/03\/wunschschwangere-768x1138.jpg 768w, https:\/\/staging.bebizeit.de\/wp-content\/uploads\/2016\/03\/wunschschwangere-691x1024.jpg 691w, https:\/\/staging.bebizeit.de\/wp-content\/uploads\/2016\/03\/wunschschwangere.jpg 1000w\" sizes=\"(max-width: 233px) 100vw, 233px\" \/><\/p>\n<p>Ob eine Schwangerschaft geplant und gew\u00fcnscht ist, oder sich gerade nicht zum rechten Zeitpunkt eingestellt hat, oder sogar v\u00f6llig ungeplant und unerw\u00fcnscht eingetreten ist, &#8211; sie kann in jeden Fall heftige Gef\u00fchle zwischen Akzeptanz und Ablehnung mit sich bringen. Diese sogenannte Ambivalenz ist ganz normal. Trotzdem fragt sich jede Schwangere, wie es wohl mit dem Baby werden wird und findet mehr oder weniger passende Antworten f\u00fcr sich. Wie stimmig sich das Leben mit einem Baby bzw. die Planungen f\u00fcr die Zukunft mit einem Kind anf\u00fchlen h\u00e4ngt oft auch von den Mitmenschen und der Lebenssituation, die die Schwangere umgeben ab. Den meisten Schwangeren gelingt es mit fortschreitender Schwangerschaft, die widerstrebenden Gef\u00fchle miteinander in Einklang zu bringen, was sie dann in freudiger Erwartung auf das Baby sein l\u00e4sst. Manchmal sind die \u201eanderen Umst\u00e4nde\u201c aber so anders, dass sie verhindern, dass die Schwangere in eine freudige und emotional positive Einstellung zu ihrer Schwangerschaft entwickeln kann.<\/p>\n<h2>Sorgen, N\u00f6te und andere unerfreuliche Belastungen<\/h2>\n<p>So unterschiedlich wie jede Frau ist, so individuell unterschiedlich erlebt auch jede Schwangere die Zeit in der Erwartung ihres Babys. Die allermeisten Frauen f\u00fchlen sich wohl damit, zu erleben wie Leben in ihnen w\u00e4chst und wie sich ihr K\u00f6rper rundherum ver\u00e4ndert. F\u00fcr manche ist es aber schwierig, derart tiefgreifende Ver\u00e4nderungen bei sich zu erfahren und zu tolerieren. Sie sorgen sich und haben N\u00f6te, die sie sich zuweilen gar nicht auszusprechen trauen. Trotzdem sp\u00fcren diese Schwangeren ihre individuellen Belastungen deutlich und haben den Wunsch, Beachtung und Anerkennung diesbez\u00fcglich zu erfahren. Gerade das Unsagbare sollte in einem besonders gesch\u00fctzten Rahmen und besonders vertraulich beachtet werden wenn die Schwangere diesbez\u00fcglich Unterst\u00fctzung m\u00f6chte.<\/p>\n<h2>Vorzeitige Wehen<\/h2>\n<p>Ein sich verk\u00fcrzender Geb\u00e4rmutterhals, ein sich fr\u00fchzeitig \u00f6ffnender Muttermund und vorzeitige Wehen sind h\u00e4ufig eine erschreckende Diagnose im zweiten Drittel der Schwangerschaft. Der Arzt hat festgestellt, dass das Baby m\u00f6glicher Weise viel zu fr\u00fch geboren werden k\u00f6nnte und die Angst und Sorge, eine Fr\u00fchgeburt zu erleiden ist \u00fcberm\u00e4chtig. Die Schwangere m\u00f6chte alles medizinisch M\u00f6gliche daf\u00fcr tun, diese Fr\u00fchgeburt zu verhindern. Die medizinische Behandlung ist deshalb ein wichtiger Teil der Behandlung. Das Auftreten vorzeitiger Wehen hat meistens aber auch eine seelische Komponente, die in nicht unerheblichem Ma\u00dfe zum Erhalt der unerw\u00fcnschten Fr\u00fchwehen beitr\u00e4gt. Das Kl\u00e4ren und das verst\u00e4ndnisvolle Besprechen der seelischen N\u00f6te einer Schwangeren sind ein ebenso wichtiger Teil der Behandlung vorzeitiger Wehent\u00e4tigkeit. Die Entwicklung einer entspannten Haltung zu den besonderen Herausforderungen der Schwangerschaft und eine Problembearbeitung, die sich an L\u00f6sungswegen orientiert, sind w\u00fcnschenswert zur Behandlung vorzeitiger Wehen. Oder auch viel einfacher gesagt: \u201eLernen Sie Gelassenheit!\u201c<\/p>\n","protected":false},"excerpt":{"rendered":"<p>Ob eine Schwangerschaft geplant und gew\u00fcnscht ist, oder sich gerade nicht zum rechten Zeitpunkt eingestellt hat, oder sogar v\u00f6llig ungeplant und unerw\u00fcnscht eingetreten ist, &#8211; sie kann in jeden Fall heftige Gef\u00fchle zwischen Akzeptanz und Ablehnung mit sich bringen. Diese sogenannte Ambivalenz ist ganz normal. Trotzdem fragt sich jede Schwangere, wie es wohl mit dem &hellip; <a href=\"https:\/\/staging.bebizeit.de\/?page_id=102\" class=\"more-link\"><span class=\"screen-reader-text\">Schwangere<\/span> weiterlesen <span class=\"meta-nav\">&rarr;<\/span><\/a><\/p>\n","protected":false},"author":1,"featured_media":0,"parent":0,"menu_order":0,"comment_status":"closed","ping_status":"closed","template":"","meta":{"jetpack_post_was_ever_published":false},"jetpack-related-posts":[{"id":112,"url":"https:\/\/staging.bebizeit.de\/?page_id=112","url_meta":{"origin":102,"position":0},"title":"Hilfsangebot","date":"18. M\u00e4rz 2016","format":false,"excerpt":"Rund um die Bebizeit gibt es unterschiedliche Hilfs- und Beratungsangebote. Sie unterscheiden sich durch den spezifischen Zeitpunkt, die unterschiedliche Zeitdauer und nach den ganz besonderen, pers\u00f6nlichen Themenschwerpunkten, zu denen Hilfe angefragt werden kann. 1. Individuelle psychologische Beratung zur Krisenintervention und oft als Kurzzeitbehandlung f\u00fcr Babys\u00a0, die viel schreien, schlecht schlafen\u2026","rel":"","context":"\u00c4hnlicher Beitrag","img":{"alt_text":"","src":"","width":0,"height":0},"classes":[]},{"id":114,"url":"https:\/\/staging.bebizeit.de\/?page_id=114","url_meta":{"origin":102,"position":1},"title":"Hebammenhilfe","date":"18. M\u00e4rz 2016","format":false,"excerpt":"Information f\u00fcr Schwangere, die eine Wochenbettbetreuung zu Hause nach der Geburt suchen: Ich biete Wochenbettbetreuungen nur in Wiesbaden- Biebrich an!\u00a0Bitte geben Sie bei Anfragen deshalb unbedingt ihre Adresse und den errechneten Entbindungstermin an. Vielen Dank! Was steht Ihnen zu? Die Hebamme ist die Fachfrau rund um die Schwangerschaft, Geburt und\u2026","rel":"","context":"\u00c4hnlicher Beitrag","img":{"alt_text":"storch","src":"https:\/\/i0.wp.com\/staging.bebizeit.de\/wp-content\/uploads\/2016\/03\/storch-290x300.jpg?resize=350%2C200&ssl=1","width":350,"height":200},"classes":[]},{"id":106,"url":"https:\/\/staging.bebizeit.de\/?page_id=106","url_meta":{"origin":102,"position":2},"title":"M\u00fctter","date":"18. M\u00e4rz 2016","format":false,"excerpt":"Egal wie lange eine Frau bereits Mutter ist und wie egal wie klein oder gro\u00df ihr Baby ist, es kann zu jeder Zeit dr\u00e4ngende Fragen oder Sorgen geben, die Anlass geben, nach kompetenter Hilfe zu suchen. Das alte Sprichwort: Kleine Kinder \u2013 kleine Sorgen, gro\u00dfe Kinder \u2013 gro\u00dfe Sorgen\u00a0ist dabei\u2026","rel":"","context":"\u00c4hnlicher Beitrag","img":{"alt_text":"","src":"https:\/\/i0.wp.com\/staging.bebizeit.de\/wp-content\/uploads\/2016\/03\/kaenguru_hellerbeutel_gerade-211x300.jpg?resize=350%2C200&ssl=1","width":350,"height":200},"classes":[]},{"id":94,"url":"https:\/\/staging.bebizeit.de\/?page_id=94","url_meta":{"origin":102,"position":3},"title":"Kurse","date":"18. M\u00e4rz 2016","format":false,"excerpt":"Einfach Eltern sein und \u00a0Babys verstehen\u00a0 - damit die emotionale Vorbereitung auf das Elternsein gelingt Dieser Kurs bietet die perfekte Erg\u00e4nzung zur allgemeinen Geburtsvorbereitung. Es geht darum, ein feinf\u00fchliges Verst\u00e4ndnis und einen angemessenen Umgang in emotional herausfordernden Momenten beim Start in die Babyzeit zu erlernen. Die Veranstaltungsreihe informiert Schwangere, Paare,\u2026","rel":"","context":"\u00c4hnlicher Beitrag","img":{"alt_text":"","src":"","width":0,"height":0},"classes":[]},{"id":49,"url":"https:\/\/staging.bebizeit.de\/?page_id=49","url_meta":{"origin":102,"position":4},"title":"Baby","date":"18. M\u00e4rz 2016","format":false,"excerpt":"Habe ich ein Schreibaby? Diese Frage stellen sich viele besorgte Eltern, deren Baby viel weint. Dabei ist es gar nicht wichtig, ob ein Kind die offiziellen Wessel - Kriterien dazu erf\u00fcllt. Einzig und allein entscheidend ist, ob sich die Eltern durch das Schreien ihres Kindes in ihrer Beziehung zum Kind\u2026","rel":"","context":"\u00c4hnlicher Beitrag","img":{"alt_text":"mutterkindrehe","src":"https:\/\/i0.wp.com\/staging.bebizeit.de\/wp-content\/uploads\/2016\/03\/mutterkindrehe-300x158.jpg?resize=350%2C200&ssl=1","width":350,"height":200},"classes":[]},{"id":100,"url":"https:\/\/staging.bebizeit.de\/?page_id=100","url_meta":{"origin":102,"position":5},"title":"V\u00e4ter","date":"18. M\u00e4rz 2016","format":false,"excerpt":"Elternzeit ist auch V\u00e4terzeit. Immer mehr V\u00e4tern wird bewusst, wie sch\u00f6n und wertvoll es sein kann, am Alltag ihrer neu geborenen Familie teilzuhaben. Sie nehmen Elternzeit, weil sie sich bewusst daf\u00fcr entschieden haben, weil die Partnerin es gerne so h\u00e4tte, oder einfach weil sie ganz bewusst das Angebot einer beruflichen\u2026","rel":"","context":"\u00c4hnlicher Beitrag","img":{"alt_text":"","src":"https:\/\/i0.wp.com\/staging.bebizeit.de\/wp-content\/uploads\/2016\/03\/baer-293x300.jpg?resize=350%2C200&ssl=1","width":350,"height":200},"classes":[]}],"jetpack_shortlink":"https:\/\/wp.me\/P7lwlO-1E","_links":{"self":[{"href":"https:\/\/staging.bebizeit.de\/index.php?rest_route=\/wp\/v2\/pages\/102"}],"collection":[{"href":"https:\/\/staging.bebizeit.de\/index.php?rest_route=\/wp\/v2\/pages"}],"about":[{"href":"https:\/\/staging.bebizeit.de\/index.php?rest_route=\/wp\/v2\/types\/page"}],"author":[{"embeddable":true,"href":"https:\/\/staging.bebizeit.de\/index.php?rest_route=\/wp\/v2\/users\/1"}],"replies":[{"embeddable":true,"href":"https:\/\/staging.bebizeit.de\/index.php?rest_route=%2Fwp%2Fv2%2Fcomments&post=102"}],"version-history":[{"count":10,"href":"https:\/\/staging.bebizeit.de\/index.php?rest_route=\/wp\/v2\/pages\/102\/revisions"}],"predecessor-version":[{"id":428,"href":"https:\/\/staging.bebizeit.de\/index.php?rest_route=\/wp\/v2\/pages\/102\/revisions\/428"}],"wp:attachment":[{"href":"https:\/\/staging.bebizeit.de\/index.php?rest_route=%2Fwp%2Fv2%2Fmedia&parent=102"}],"curies":[{"name":"wp","href":"https:\/\/api.w.org\/{rel}","templated":true}]}}