{"id":100,"date":"2016-03-18T22:37:15","date_gmt":"2016-03-18T22:37:15","guid":{"rendered":"http:\/\/bebizeit.werbeagentur-webagentur-kreativagentur.de\/?page_id=100"},"modified":"2016-04-16T13:46:06","modified_gmt":"2016-04-16T13:46:06","slug":"vaeter","status":"publish","type":"page","link":"https:\/\/staging.bebizeit.de\/?page_id=100","title":{"rendered":"V\u00e4ter"},"content":{"rendered":"<p><img data-attachment-id=\"186\" data-permalink=\"https:\/\/staging.bebizeit.de\/?attachment_id=186\" data-orig-file=\"https:\/\/staging.bebizeit.de\/wp-content\/uploads\/2016\/03\/baer.jpg\" data-orig-size=\"1000,1024\" data-comments-opened=\"1\" data-image-meta=\"{&quot;aperture&quot;:&quot;0&quot;,&quot;credit&quot;:&quot;&quot;,&quot;camera&quot;:&quot;&quot;,&quot;caption&quot;:&quot;&quot;,&quot;created_timestamp&quot;:&quot;0&quot;,&quot;copyright&quot;:&quot;&quot;,&quot;focal_length&quot;:&quot;0&quot;,&quot;iso&quot;:&quot;0&quot;,&quot;shutter_speed&quot;:&quot;0&quot;,&quot;title&quot;:&quot;&quot;,&quot;orientation&quot;:&quot;0&quot;}\" data-image-title=\"baer\" data-image-description=\"\" data-image-caption=\"\" data-medium-file=\"https:\/\/staging.bebizeit.de\/wp-content\/uploads\/2016\/03\/baer-293x300.jpg\" data-large-file=\"https:\/\/staging.bebizeit.de\/wp-content\/uploads\/2016\/03\/baer-1000x1024.jpg\" decoding=\"async\" loading=\"lazy\" class=\"alignnone wp-image-186\" src=\"https:\/\/staging.bebizeit.de\/wp-content\/uploads\/2016\/03\/baer-293x300.jpg\" alt=\"baer\" width=\"343\" height=\"352\" srcset=\"https:\/\/staging.bebizeit.de\/wp-content\/uploads\/2016\/03\/baer-293x300.jpg 293w, https:\/\/staging.bebizeit.de\/wp-content\/uploads\/2016\/03\/baer-768x786.jpg 768w, https:\/\/staging.bebizeit.de\/wp-content\/uploads\/2016\/03\/baer.jpg 1000w\" sizes=\"(max-width: 343px) 100vw, 343px\" \/><\/p>\n<h2>Elternzeit ist auch V\u00e4terzeit.<\/h2>\n<p>Immer mehr V\u00e4tern wird bewusst, wie sch\u00f6n und wertvoll es sein kann, am Alltag ihrer neu geborenen Familie teilzuhaben. Sie nehmen Elternzeit, weil sie sich bewusst daf\u00fcr entschieden haben, weil die Partnerin es gerne so h\u00e4tte, oder einfach weil sie ganz bewusst das Angebot einer beruflichen Auszeit wahrnehmen m\u00f6chten. Dann entdecken sie ihre Freude daran, ganz nah an der Entwicklung ihres Babys zu sein. Vaterschaft ist somit nicht mehr nur auf die Sicherung des Lebensunterhalts beschr\u00e4nkt, sondern bedeutet emotionale Pr\u00e4senz beim Baby und der Partnerin.<\/p>\n<p>Aktive Vaterschaft kann aber auch Fragen und anderen Kl\u00e4rungsbedarf rund um das Baby mit sich bringen, sodass auch V\u00e4ter auf der Suche nach kompetenter Unterst\u00fctzung bei ihren t\u00e4glichen Herausforderungen sein k\u00f6nnen. Manche Fragen sind ganz praktischer Natur und es geht vorwiegend um das Handling. Diese Fragen lassen sich unter dem Begriff \u201ehow to \u2026\u201c zusammenfassen. Manchmal geht es aber auch um ganz andere, viel emotionalere Themen, die sogar Gewalt betreffen k\u00f6nnen &#8211; denn jeder Vater, jeder Mann, ist auch Mensch und hat damit eine verletzliche Seite. Wenn es in der Familie vorwiegend um \u201eBaby, Bauch und Busen\u201c geht, ist es f\u00fcr manchen frischen Vater nicht leicht, die eigenen W\u00fcnsche zu befriedigen und wieder Orientierung f\u00fcr sich selbst im Alltag zu finden.<\/p>\n<p><img data-attachment-id=\"411\" data-permalink=\"https:\/\/staging.bebizeit.de\/?attachment_id=411\" data-orig-file=\"https:\/\/staging.bebizeit.de\/wp-content\/uploads\/2016\/04\/hirsch.jpg\" data-orig-size=\"800,852\" data-comments-opened=\"1\" data-image-meta=\"{&quot;aperture&quot;:&quot;0&quot;,&quot;credit&quot;:&quot;&quot;,&quot;camera&quot;:&quot;&quot;,&quot;caption&quot;:&quot;&quot;,&quot;created_timestamp&quot;:&quot;0&quot;,&quot;copyright&quot;:&quot;&quot;,&quot;focal_length&quot;:&quot;0&quot;,&quot;iso&quot;:&quot;0&quot;,&quot;shutter_speed&quot;:&quot;0&quot;,&quot;title&quot;:&quot;&quot;,&quot;orientation&quot;:&quot;0&quot;}\" data-image-title=\"hirsch\" data-image-description=\"\" data-image-caption=\"\" data-medium-file=\"https:\/\/staging.bebizeit.de\/wp-content\/uploads\/2016\/04\/hirsch-282x300.jpg\" data-large-file=\"https:\/\/staging.bebizeit.de\/wp-content\/uploads\/2016\/04\/hirsch.jpg\" decoding=\"async\" loading=\"lazy\" class=\"alignright wp-image-411 size-medium\" src=\"https:\/\/staging.bebizeit.de\/wp-content\/uploads\/2016\/04\/hirsch-282x300.jpg\" alt=\"hirsch\" width=\"282\" height=\"300\" srcset=\"https:\/\/staging.bebizeit.de\/wp-content\/uploads\/2016\/04\/hirsch-282x300.jpg 282w, https:\/\/staging.bebizeit.de\/wp-content\/uploads\/2016\/04\/hirsch-768x818.jpg 768w, https:\/\/staging.bebizeit.de\/wp-content\/uploads\/2016\/04\/hirsch.jpg 800w\" sizes=\"(max-width: 282px) 100vw, 282px\" \/>Und schlie\u00dflich gibt es V\u00e4ter, die ganz in sich ruhen, aber Ver\u00e4nderungen an ihrer Partnerin oder am Baby beobachten, die sie mit Sorge zur Kenntnis nehmen. Manche sind tolerant, sodass sie auch der Partnerin und Mutter viel Verantwortung \u00fcberlassen. Aber trotzdem sind diese V\u00e4ter auf der Suche nach Kl\u00e4rung ihrer Sorgen, weil sie n\u00e4mlich auch, eine ganz eigene, Verantwortung f\u00fcr ihre Familie empfinden.<\/p>\n","protected":false},"excerpt":{"rendered":"<p>Elternzeit ist auch V\u00e4terzeit. Immer mehr V\u00e4tern wird bewusst, wie sch\u00f6n und wertvoll es sein kann, am Alltag ihrer neu geborenen Familie teilzuhaben. Sie nehmen Elternzeit, weil sie sich bewusst daf\u00fcr entschieden haben, weil die Partnerin es gerne so h\u00e4tte, oder einfach weil sie ganz bewusst das Angebot einer beruflichen Auszeit wahrnehmen m\u00f6chten. Dann entdecken &hellip; <a href=\"https:\/\/staging.bebizeit.de\/?page_id=100\" class=\"more-link\"><span class=\"screen-reader-text\">V\u00e4ter<\/span> weiterlesen <span class=\"meta-nav\">&rarr;<\/span><\/a><\/p>\n","protected":false},"author":1,"featured_media":0,"parent":0,"menu_order":0,"comment_status":"closed","ping_status":"closed","template":"","meta":{"jetpack_post_was_ever_published":false},"jetpack-related-posts":[{"id":49,"url":"https:\/\/staging.bebizeit.de\/?page_id=49","url_meta":{"origin":100,"position":0},"title":"Baby","date":"18. M\u00e4rz 2016","format":false,"excerpt":"Habe ich ein Schreibaby? Diese Frage stellen sich viele besorgte Eltern, deren Baby viel weint. Dabei ist es gar nicht wichtig, ob ein Kind die offiziellen Wessel - Kriterien dazu erf\u00fcllt. Einzig und allein entscheidend ist, ob sich die Eltern durch das Schreien ihres Kindes in ihrer Beziehung zum Kind\u2026","rel":"","context":"\u00c4hnlicher Beitrag","img":{"alt_text":"mutterkindrehe","src":"https:\/\/i0.wp.com\/staging.bebizeit.de\/wp-content\/uploads\/2016\/03\/mutterkindrehe-300x158.jpg?resize=350%2C200&ssl=1","width":350,"height":200},"classes":[]},{"id":112,"url":"https:\/\/staging.bebizeit.de\/?page_id=112","url_meta":{"origin":100,"position":1},"title":"Hilfsangebot","date":"18. M\u00e4rz 2016","format":false,"excerpt":"Rund um die Bebizeit gibt es unterschiedliche Hilfs- und Beratungsangebote. Sie unterscheiden sich durch den spezifischen Zeitpunkt, die unterschiedliche Zeitdauer und nach den ganz besonderen, pers\u00f6nlichen Themenschwerpunkten, zu denen Hilfe angefragt werden kann. 1. Individuelle psychologische Beratung zur Krisenintervention und oft als Kurzzeitbehandlung f\u00fcr Babys\u00a0, die viel schreien, schlecht schlafen\u2026","rel":"","context":"\u00c4hnlicher Beitrag","img":{"alt_text":"","src":"","width":0,"height":0},"classes":[]},{"id":98,"url":"https:\/\/staging.bebizeit.de\/?page_id=98","url_meta":{"origin":100,"position":2},"title":"Wunschkind","date":"18. M\u00e4rz 2016","format":false,"excerpt":"Nicht f\u00fcr alle Paare ist es selbstverst\u00e4ndlich selbstbestimmt in die Familienplanung zu starten und sich dem Lauf der Natur hinzugeben. Ganz im Gegenteil: sie haben gro\u00dfe Anstrengungen auf sich genommen, nach Plan gelebt und geliebt und auch medizinische Hilfe in Anspruch genommen. Doch nun ist es endlich soweit, das Wunschkind\u2026","rel":"","context":"\u00c4hnlicher Beitrag","img":{"alt_text":"schwalben","src":"https:\/\/i0.wp.com\/staging.bebizeit.de\/wp-content\/uploads\/2016\/03\/schwalben-290x300.jpg?resize=350%2C200&ssl=1","width":350,"height":200},"classes":[]},{"id":94,"url":"https:\/\/staging.bebizeit.de\/?page_id=94","url_meta":{"origin":100,"position":3},"title":"Kurse","date":"18. M\u00e4rz 2016","format":false,"excerpt":"Einfach Eltern sein und \u00a0Babys verstehen\u00a0 - damit die emotionale Vorbereitung auf das Elternsein gelingt Dieser Kurs bietet die perfekte Erg\u00e4nzung zur allgemeinen Geburtsvorbereitung. Es geht darum, ein feinf\u00fchliges Verst\u00e4ndnis und einen angemessenen Umgang in emotional herausfordernden Momenten beim Start in die Babyzeit zu erlernen. Die Veranstaltungsreihe informiert Schwangere, Paare,\u2026","rel":"","context":"\u00c4hnlicher Beitrag","img":{"alt_text":"","src":"","width":0,"height":0},"classes":[]},{"id":114,"url":"https:\/\/staging.bebizeit.de\/?page_id=114","url_meta":{"origin":100,"position":4},"title":"Hebammenhilfe","date":"18. M\u00e4rz 2016","format":false,"excerpt":"Information f\u00fcr Schwangere, die eine Wochenbettbetreuung zu Hause nach der Geburt suchen: Ich biete Wochenbettbetreuungen nur in Wiesbaden- Biebrich an!\u00a0Bitte geben Sie bei Anfragen deshalb unbedingt ihre Adresse und den errechneten Entbindungstermin an. Vielen Dank! Was steht Ihnen zu? Die Hebamme ist die Fachfrau rund um die Schwangerschaft, Geburt und\u2026","rel":"","context":"\u00c4hnlicher Beitrag","img":{"alt_text":"storch","src":"https:\/\/i0.wp.com\/staging.bebizeit.de\/wp-content\/uploads\/2016\/03\/storch-290x300.jpg?resize=350%2C200&ssl=1","width":350,"height":200},"classes":[]},{"id":106,"url":"https:\/\/staging.bebizeit.de\/?page_id=106","url_meta":{"origin":100,"position":5},"title":"M\u00fctter","date":"18. M\u00e4rz 2016","format":false,"excerpt":"Egal wie lange eine Frau bereits Mutter ist und wie egal wie klein oder gro\u00df ihr Baby ist, es kann zu jeder Zeit dr\u00e4ngende Fragen oder Sorgen geben, die Anlass geben, nach kompetenter Hilfe zu suchen. Das alte Sprichwort: Kleine Kinder \u2013 kleine Sorgen, gro\u00dfe Kinder \u2013 gro\u00dfe Sorgen\u00a0ist dabei\u2026","rel":"","context":"\u00c4hnlicher Beitrag","img":{"alt_text":"","src":"https:\/\/i0.wp.com\/staging.bebizeit.de\/wp-content\/uploads\/2016\/03\/kaenguru_hellerbeutel_gerade-211x300.jpg?resize=350%2C200&ssl=1","width":350,"height":200},"classes":[]}],"jetpack_shortlink":"https:\/\/wp.me\/P7lwlO-1C","_links":{"self":[{"href":"https:\/\/staging.bebizeit.de\/index.php?rest_route=\/wp\/v2\/pages\/100"}],"collection":[{"href":"https:\/\/staging.bebizeit.de\/index.php?rest_route=\/wp\/v2\/pages"}],"about":[{"href":"https:\/\/staging.bebizeit.de\/index.php?rest_route=\/wp\/v2\/types\/page"}],"author":[{"embeddable":true,"href":"https:\/\/staging.bebizeit.de\/index.php?rest_route=\/wp\/v2\/users\/1"}],"replies":[{"embeddable":true,"href":"https:\/\/staging.bebizeit.de\/index.php?rest_route=%2Fwp%2Fv2%2Fcomments&post=100"}],"version-history":[{"count":6,"href":"https:\/\/staging.bebizeit.de\/index.php?rest_route=\/wp\/v2\/pages\/100\/revisions"}],"predecessor-version":[{"id":412,"href":"https:\/\/staging.bebizeit.de\/index.php?rest_route=\/wp\/v2\/pages\/100\/revisions\/412"}],"wp:attachment":[{"href":"https:\/\/staging.bebizeit.de\/index.php?rest_route=%2Fwp%2Fv2%2Fmedia&parent=100"}],"curies":[{"name":"wp","href":"https:\/\/api.w.org\/{rel}","templated":true}]}}